{"id":112,"date":"2025-12-12T13:29:26","date_gmt":"2025-12-12T13:29:26","guid":{"rendered":"https:\/\/kalisara-ric.ba\/?page_id=112"},"modified":"2026-02-17T12:40:55","modified_gmt":"2026-02-17T10:40:55","slug":"stanovanje","status":"publish","type":"page","link":"https:\/\/kalisara-ric.ba\/index.php\/stanovanje\/","title":{"rendered":"Stanovanje"},"content":{"rendered":"\n<p>Kali Sara \u2013 Romski informativni centar djeluje na unapre\u0111enju stambenih uslova Roma kroz istra\u017eivanja, direktan rad na terenu, &nbsp;zagovaranje i pra\u0107enje javnih politika. Fokus rada je sistemsko rje\u0161avanje problema stanovanja, uklju\u010duju\u0107i legalizaciju objekata, urbanizaciju naselja i izgradnju socijalnih stambenih rje\u0161enja.<\/p>\n\n\n\n<p>Doprinjeli smo pobolj\u0161anju stambenih uslova romskih porodica u vi\u0161e od 40 lokalnih zajednica u Bosni i Hercegovini. Organizacija je izradila i izvje\u0161taje o implementaciji dr\u017eavnih akcionih planova za stanovanje Roma, \u010dime je omogu\u0107eno pra\u0107enje izgradnje i rekonstrukcije stambenih jedinica te unapre\u0111enje programa socijalnog stanovanja.<\/p>\n\n\n\n<p>Poseban segment djelovanja odnosi se na komunalnu infrastrukturu u romskim naseljima. Kroz u\u010de\u0161\u0107e u izradi i pra\u0107enju dr\u017eavnog ali i lokalnih &nbsp;akcionih planova zagovaraju se mjere koje uklju\u010duju obezbje\u0111enje vode, elektri\u010dne energije, kanalizacije i prilaznih puteva, kako bi romske porodice ostvarile osnovne uslove za dostojanstven \u017eivot i pristup javnim uslugama.<\/p>\n\n\n\n<p>Rad je usmjeren na dugoro\u010dne promjene jer veliki broj romskih porodica i dalje \u017eivi u neformalnim naseljima bez osnovnih komunalnih uslova.<\/p>\n","protected":false},"excerpt":{"rendered":"<p>Kali Sara \u2013 Romski informativni centar djeluje na unapre\u0111enju stambenih uslova Roma kroz istra\u017eivanja, direktan rad na terenu, &nbsp;zagovaranje i pra\u0107enje javnih politika. Fokus rada je sistemsko rje\u0161avanje problema stanovanja, uklju\u010duju\u0107i legalizaciju objekata, urbanizaciju naselja i izgradnju socijalnih stambenih rje\u0161enja. Doprinjeli smo pobolj\u0161anju stambenih uslova romskih porodica u vi\u0161e od 40 lokalnih zajednica u Bosni [&hellip;]<\/p>\n","protected":false},"author":1,"featured_media":0,"parent":0,"menu_order":0,"comment_status":"closed","ping_status":"closed","template":"","meta":{"_acf_changed":false,"_uag_custom_page_level_css":"","footnotes":""},"class_list":["post-112","page","type-page","status-publish","hentry"],"acf":[],"yoast_head":"<!-- This site is optimized with the Yoast SEO plugin v27.3 - https:\/\/yoast.com\/product\/yoast-seo-wordpress\/ -->\n<title>Stanovanje - Kali Sara<\/title>\n<meta name=\"robots\" content=\"index, follow, max-snippet:-1, max-image-preview:large, max-video-preview:-1\" \/>\n<link rel=\"canonical\" href=\"https:\/\/kalisara-ric.ba\/index.php\/stanovanje\/\" \/>\n<meta property=\"og:locale\" content=\"bs_BA\" \/>\n<meta property=\"og:type\" content=\"article\" \/>\n<meta property=\"og:title\" content=\"Stanovanje - Kali Sara\" \/>\n<meta property=\"og:description\" content=\"Kali Sara \u2013 Romski informativni centar djeluje na unapre\u0111enju stambenih uslova Roma kroz istra\u017eivanja, direktan rad na terenu, &nbsp;zagovaranje i pra\u0107enje javnih politika. Fokus rada je sistemsko rje\u0161avanje problema stanovanja, uklju\u010duju\u0107i legalizaciju objekata, urbanizaciju naselja i izgradnju socijalnih stambenih rje\u0161enja. Doprinjeli smo pobolj\u0161anju stambenih uslova romskih porodica u vi\u0161e od 40 lokalnih zajednica u Bosni [&hellip;]\" \/>\n<meta property=\"og:url\" content=\"https:\/\/kalisara-ric.ba\/index.php\/stanovanje\/\" \/>\n<meta property=\"og:site_name\" content=\"Kali Sara\" \/>\n<meta property=\"article:publisher\" content=\"https:\/\/www.facebook.com\/KaliSaraRic\" \/>\n<meta property=\"article:modified_time\" content=\"2026-02-17T10:40:55+00:00\" \/>\n<meta name=\"twitter:card\" content=\"summary_large_image\" \/>\n<meta name=\"twitter:label1\" content=\"Est. reading time\" \/>\n\t<meta name=\"twitter:data1\" content=\"1 minuta\" \/>\n<script type=\"application\/ld+json\" class=\"yoast-schema-graph\">{\"@context\":\"https:\\\/\\\/schema.org\",\"@graph\":[{\"@type\":\"WebPage\",\"@id\":\"https:\\\/\\\/kalisara-ric.ba\\\/index.php\\\/stanovanje\\\/\",\"url\":\"https:\\\/\\\/kalisara-ric.ba\\\/index.php\\\/stanovanje\\\/\",\"name\":\"Stanovanje - Kali Sara\",\"isPartOf\":{\"@id\":\"https:\\\/\\\/kalisara-ric.ba\\\/#website\"},\"datePublished\":\"2025-12-12T13:29:26+00:00\",\"dateModified\":\"2026-02-17T10:40:55+00:00\",\"breadcrumb\":{\"@id\":\"https:\\\/\\\/kalisara-ric.ba\\\/index.php\\\/stanovanje\\\/#breadcrumb\"},\"inLanguage\":\"bs-BA\",\"potentialAction\":[{\"@type\":\"ReadAction\",\"target\":[\"https:\\\/\\\/kalisara-ric.ba\\\/index.php\\\/stanovanje\\\/\"]}]},{\"@type\":\"BreadcrumbList\",\"@id\":\"https:\\\/\\\/kalisara-ric.ba\\\/index.php\\\/stanovanje\\\/#breadcrumb\",\"itemListElement\":[{\"@type\":\"ListItem\",\"position\":1,\"name\":\"Home\",\"item\":\"https:\\\/\\\/kalisara-ric.ba\\\/\"},{\"@type\":\"ListItem\",\"position\":2,\"name\":\"Stanovanje\"}]},{\"@type\":\"WebSite\",\"@id\":\"https:\\\/\\\/kalisara-ric.ba\\\/#website\",\"url\":\"https:\\\/\\\/kalisara-ric.ba\\\/\",\"name\":\"Kali Sara\",\"description\":\"Romski informativni centar (RIC) \u201eKali Sara\u201c\",\"publisher\":{\"@id\":\"https:\\\/\\\/kalisara-ric.ba\\\/#organization\"},\"potentialAction\":[{\"@type\":\"SearchAction\",\"target\":{\"@type\":\"EntryPoint\",\"urlTemplate\":\"https:\\\/\\\/kalisara-ric.ba\\\/?s={search_term_string}\"},\"query-input\":{\"@type\":\"PropertyValueSpecification\",\"valueRequired\":true,\"valueName\":\"search_term_string\"}}],\"inLanguage\":\"bs-BA\"},{\"@type\":\"Organization\",\"@id\":\"https:\\\/\\\/kalisara-ric.ba\\\/#organization\",\"name\":\"Kali Sara\",\"url\":\"https:\\\/\\\/kalisara-ric.ba\\\/\",\"logo\":{\"@type\":\"ImageObject\",\"inLanguage\":\"bs-BA\",\"@id\":\"https:\\\/\\\/kalisara-ric.ba\\\/#\\\/schema\\\/logo\\\/image\\\/\",\"url\":\"https:\\\/\\\/kalisara-ric.ba\\\/wp-content\\\/uploads\\\/2025\\\/12\\\/Call-for-Experts-to-Join-the-Working-Group-on-Antigypsyism-in-EU-funded-project-Kali-Sara.jpg\",\"contentUrl\":\"https:\\\/\\\/kalisara-ric.ba\\\/wp-content\\\/uploads\\\/2025\\\/12\\\/Call-for-Experts-to-Join-the-Working-Group-on-Antigypsyism-in-EU-funded-project-Kali-Sara.jpg\",\"width\":854,\"height\":306,\"caption\":\"Kali Sara\"},\"image\":{\"@id\":\"https:\\\/\\\/kalisara-ric.ba\\\/#\\\/schema\\\/logo\\\/image\\\/\"},\"sameAs\":[\"https:\\\/\\\/www.facebook.com\\\/KaliSaraRic\"]}]}<\/script>\n<!-- \/ Yoast SEO plugin. -->","yoast_head_json":{"title":"Stanovanje - Kali Sara","robots":{"index":"index","follow":"follow","max-snippet":"max-snippet:-1","max-image-preview":"max-image-preview:large","max-video-preview":"max-video-preview:-1"},"canonical":"https:\/\/kalisara-ric.ba\/index.php\/stanovanje\/","og_locale":"bs_BA","og_type":"article","og_title":"Stanovanje - Kali Sara","og_description":"Kali Sara \u2013 Romski informativni centar djeluje na unapre\u0111enju stambenih uslova Roma kroz istra\u017eivanja, direktan rad na terenu, &nbsp;zagovaranje i pra\u0107enje javnih politika. Fokus rada je sistemsko rje\u0161avanje problema stanovanja, uklju\u010duju\u0107i legalizaciju objekata, urbanizaciju naselja i izgradnju socijalnih stambenih rje\u0161enja. Doprinjeli smo pobolj\u0161anju stambenih uslova romskih porodica u vi\u0161e od 40 lokalnih zajednica u Bosni [&hellip;]","og_url":"https:\/\/kalisara-ric.ba\/index.php\/stanovanje\/","og_site_name":"Kali Sara","article_publisher":"https:\/\/www.facebook.com\/KaliSaraRic","article_modified_time":"2026-02-17T10:40:55+00:00","twitter_card":"summary_large_image","twitter_misc":{"Est. reading time":"1 minuta"},"schema":{"@context":"https:\/\/schema.org","@graph":[{"@type":"WebPage","@id":"https:\/\/kalisara-ric.ba\/index.php\/stanovanje\/","url":"https:\/\/kalisara-ric.ba\/index.php\/stanovanje\/","name":"Stanovanje - Kali Sara","isPartOf":{"@id":"https:\/\/kalisara-ric.ba\/#website"},"datePublished":"2025-12-12T13:29:26+00:00","dateModified":"2026-02-17T10:40:55+00:00","breadcrumb":{"@id":"https:\/\/kalisara-ric.ba\/index.php\/stanovanje\/#breadcrumb"},"inLanguage":"bs-BA","potentialAction":[{"@type":"ReadAction","target":["https:\/\/kalisara-ric.ba\/index.php\/stanovanje\/"]}]},{"@type":"BreadcrumbList","@id":"https:\/\/kalisara-ric.ba\/index.php\/stanovanje\/#breadcrumb","itemListElement":[{"@type":"ListItem","position":1,"name":"Home","item":"https:\/\/kalisara-ric.ba\/"},{"@type":"ListItem","position":2,"name":"Stanovanje"}]},{"@type":"WebSite","@id":"https:\/\/kalisara-ric.ba\/#website","url":"https:\/\/kalisara-ric.ba\/","name":"Kali Sara","description":"Romski informativni centar (RIC) \u201eKali Sara\u201c","publisher":{"@id":"https:\/\/kalisara-ric.ba\/#organization"},"potentialAction":[{"@type":"SearchAction","target":{"@type":"EntryPoint","urlTemplate":"https:\/\/kalisara-ric.ba\/?s={search_term_string}"},"query-input":{"@type":"PropertyValueSpecification","valueRequired":true,"valueName":"search_term_string"}}],"inLanguage":"bs-BA"},{"@type":"Organization","@id":"https:\/\/kalisara-ric.ba\/#organization","name":"Kali Sara","url":"https:\/\/kalisara-ric.ba\/","logo":{"@type":"ImageObject","inLanguage":"bs-BA","@id":"https:\/\/kalisara-ric.ba\/#\/schema\/logo\/image\/","url":"https:\/\/kalisara-ric.ba\/wp-content\/uploads\/2025\/12\/Call-for-Experts-to-Join-the-Working-Group-on-Antigypsyism-in-EU-funded-project-Kali-Sara.jpg","contentUrl":"https:\/\/kalisara-ric.ba\/wp-content\/uploads\/2025\/12\/Call-for-Experts-to-Join-the-Working-Group-on-Antigypsyism-in-EU-funded-project-Kali-Sara.jpg","width":854,"height":306,"caption":"Kali Sara"},"image":{"@id":"https:\/\/kalisara-ric.ba\/#\/schema\/logo\/image\/"},"sameAs":["https:\/\/www.facebook.com\/KaliSaraRic"]}]}},"uagb_featured_image_src":{"full":false,"thumbnail":false,"medium":false,"medium_large":false,"large":false,"1536x1536":false,"2048x2048":false,"wesper_large":false,"wesper_medium":false,"wesper_small":false,"wesper_layouts":false,"wesper_list":false,"wesper_large_sload":false,"wesper_medium_sload":false,"wesper_small_sload":false,"wesper_layouts_sload":false,"wesper_list_sload":false},"uagb_author_info":{"display_name":"admin","author_link":"https:\/\/kalisara-ric.ba\/index.php\/author\/kalisara\/"},"uagb_comment_info":0,"uagb_excerpt":"Kali Sara \u2013 Romski informativni centar djeluje na unapre\u0111enju stambenih uslova Roma kroz istra\u017eivanja, direktan rad na terenu, &nbsp;zagovaranje i pra\u0107enje javnih politika. Fokus rada je sistemsko rje\u0161avanje problema stanovanja, uklju\u010duju\u0107i legalizaciju objekata, urbanizaciju naselja i izgradnju socijalnih stambenih rje\u0161enja. Doprinjeli smo pobolj\u0161anju stambenih uslova romskih porodica u vi\u0161e od 40 lokalnih zajednica u Bosni&hellip;","_links":{"self":[{"href":"https:\/\/kalisara-ric.ba\/index.php\/wp-json\/wp\/v2\/pages\/112","targetHints":{"allow":["GET"]}}],"collection":[{"href":"https:\/\/kalisara-ric.ba\/index.php\/wp-json\/wp\/v2\/pages"}],"about":[{"href":"https:\/\/kalisara-ric.ba\/index.php\/wp-json\/wp\/v2\/types\/page"}],"author":[{"embeddable":true,"href":"https:\/\/kalisara-ric.ba\/index.php\/wp-json\/wp\/v2\/users\/1"}],"replies":[{"embeddable":true,"href":"https:\/\/kalisara-ric.ba\/index.php\/wp-json\/wp\/v2\/comments?post=112"}],"version-history":[{"count":1,"href":"https:\/\/kalisara-ric.ba\/index.php\/wp-json\/wp\/v2\/pages\/112\/revisions"}],"predecessor-version":[{"id":14204,"href":"https:\/\/kalisara-ric.ba\/index.php\/wp-json\/wp\/v2\/pages\/112\/revisions\/14204"}],"wp:attachment":[{"href":"https:\/\/kalisara-ric.ba\/index.php\/wp-json\/wp\/v2\/media?parent=112"}],"curies":[{"name":"wp","href":"https:\/\/api.w.org\/{rel}","templated":true}]}}