{"id":13654,"date":"2026-01-26T13:59:09","date_gmt":"2026-01-26T13:59:09","guid":{"rendered":"https:\/\/kalisara-ric.ba\/?page_id=13654"},"modified":"2026-01-27T11:26:35","modified_gmt":"2026-01-27T11:26:35","slug":"zavrsni-projekti","status":"publish","type":"page","link":"https:\/\/kalisara-ric.ba\/index.php\/zavrsni-projekti\/","title":{"rendered":"Zavr\u0161eni projekti"},"content":{"rendered":"\n<div class=\"wp-block-uagb-info-box uagb-block-ea3457f0 uagb-infobox__content-wrap  uagb-infobox-icon-above-title uagb-infobox-image-valign-top\"><div class=\"uagb-ifb-content\"><div class=\"uagb-ifb-icon-wrap\"><svg xmlns=\"https:\/\/www.w3.org\/2000\/svg\" viewBox=\"0 0 512 512\"><path d=\"M0 256C0 114.6 114.6 0 256 0C397.4 0 512 114.6 512 256C512 397.4 397.4 512 256 512C114.6 512 0 397.4 0 256zM371.8 211.8C382.7 200.9 382.7 183.1 371.8 172.2C360.9 161.3 343.1 161.3 332.2 172.2L224 280.4L179.8 236.2C168.9 225.3 151.1 225.3 140.2 236.2C129.3 247.1 129.3 264.9 140.2 275.8L204.2 339.8C215.1 350.7 232.9 350.7 243.8 339.8L371.8 211.8z\"><\/path><\/svg><\/div><div class=\"uagb-ifb-title-wrap\"><h3 class=\"uagb-ifb-title\">&nbsp;Suzbijanje trgovine ljudima u BiH kroz uklju\u010divanje romskih NVO u rad referalnih mehanizama<br><\/h3><\/div><p class=\"uagb-ifb-desc\"><strong>Donator:<\/strong>&nbsp;Projekat je realizovan uz podr\u0161ku programa&nbsp;USAID\/INSPIRE<br><strong>Partnerstvo u implementaciji:&nbsp;<\/strong>Klub mladih Roma iz Tuzle i Udru\u017eenje \u201cRomska djevojka-Romani \u0107ej\u201d iz Prnjavora<br><strong>Sa\u017eetak:<\/strong>&nbsp;U okviru projekta provedene su aktivnosti ja\u010danja saradnje izme\u0111u romskih organizacija civilnog dru\u0161tva i nadle\u017enih institucija u cilju unapre\u0111enja prevencije trgovine ljudima te za\u0161tite \u017ertava i osoba u riziku.<\/p><\/div><\/div>\n\n\n\n<div class=\"wp-block-uagb-info-box uagb-block-a0ec3ee2 uagb-infobox__content-wrap  uagb-infobox-icon-above-title uagb-infobox-image-valign-top\"><div class=\"uagb-ifb-content\"><div class=\"uagb-ifb-icon-wrap\"><svg xmlns=\"https:\/\/www.w3.org\/2000\/svg\" viewBox=\"0 0 512 512\"><path d=\"M0 256C0 114.6 114.6 0 256 0C397.4 0 512 114.6 512 256C512 397.4 397.4 512 256 512C114.6 512 0 397.4 0 256zM371.8 211.8C382.7 200.9 382.7 183.1 371.8 172.2C360.9 161.3 343.1 161.3 332.2 172.2L224 280.4L179.8 236.2C168.9 225.3 151.1 225.3 140.2 236.2C129.3 247.1 129.3 264.9 140.2 275.8L204.2 339.8C215.1 350.7 232.9 350.7 243.8 339.8L371.8 211.8z\"><\/path><\/svg><\/div><div class=\"uagb-ifb-title-wrap\"><h3 class=\"uagb-ifb-title\">Podizanje svijesti o zna\u010daju vakcinacije protiv Covid-19 sa posebnim fokusom na romske zajednice<\/h3><\/div><p class=\"uagb-ifb-desc\"><strong>Donator:<\/strong><br>USAID i UNICEF BiH<br><strong>Partnerstvo u implementaciji:<\/strong><br>Zdravstvene ustanove i zdravstveni radnici\/ce u lokalnim zajednicama (doktori\/ice, pedijatri\/ce, klini\u010dari\/ke), uz saradnju s lokalnim institucijama i medijima<br><strong>Sa\u017eetak:<\/strong><br>Projekat je imao za cilj unapre\u0111enje zdravstvene za\u0161tite i pove\u0107anje imunizacije protiv Covid-19 u romskim zajednicama kroz edukaciju, terenski rad i direktno uklju\u010divanje zdravstvenih radnika. Tokom projekta provedeno je istra\u017eivanje me\u0111u 300 pripadnika romske zajednice, organizovane konsultativne radionice sa stru\u010dnjacima, te akcije \u201eDani otvorenih vrata zdravlja\u201c u \u0161est gradova Federacije BiH, u okviru kojih je oko 600 Roma dobilo besplatne zdravstvene preglede i savjete. Projekat je doprinio ja\u010danju povjerenja u zdravstveni sistem, boljoj informisanosti o vakcinaciji i unapre\u0111enju pristupa zdravstvenim uslugama za romsku populaciju..<\/p><\/div><\/div>\n\n\n\n<div class=\"wp-block-uagb-info-box uagb-block-d98c810a uagb-infobox__content-wrap  uagb-infobox-icon-above-title uagb-infobox-image-valign-top\"><div class=\"uagb-ifb-content\"><div class=\"uagb-ifb-icon-wrap\"><svg xmlns=\"https:\/\/www.w3.org\/2000\/svg\" viewBox=\"0 0 512 512\"><path d=\"M0 256C0 114.6 114.6 0 256 0C397.4 0 512 114.6 512 256C512 397.4 397.4 512 256 512C114.6 512 0 397.4 0 256zM371.8 211.8C382.7 200.9 382.7 183.1 371.8 172.2C360.9 161.3 343.1 161.3 332.2 172.2L224 280.4L179.8 236.2C168.9 225.3 151.1 225.3 140.2 236.2C129.3 247.1 129.3 264.9 140.2 275.8L204.2 339.8C215.1 350.7 232.9 350.7 243.8 339.8L371.8 211.8z\"><\/path><\/svg><\/div><div class=\"uagb-ifb-title-wrap\"><h3 class=\"uagb-ifb-title\">Ja\u010danje lokalnih kapaciteta u borbi protiv trgovine ljudima u BiH<\/h3><\/div><p class=\"uagb-ifb-desc\"><strong>Donator:<\/strong><br>Dr\u017eavni sekretarijat Sjedinjenih Ameri\u010dkih Dr\u017eava<br><strong>Partnerstvo u implementaciji:<\/strong><br>World Vision BiH, Romski informativni centar \u2013 Kali Sara, Zemlja djece.<br><strong>Sa\u017eetak: <\/strong><br>Unapre\u0111enje prevencije trgovine ljudima kroz ja\u010danje znanja i saradnje lokalnih institucija, obrazovnog sistema i organizacija civilnog dru\u0161tva. Kroz edukacije, treninge i rad na terenu, projekat doprinosi ranom prepoznavanju rizika, za\u0161titi djece i drugih ranjivih grupa, te efikasnijem kori\u0161tenju referalnih mehanizama. Poseban fokus stavljen je na borbu protiv diskriminacije i ja\u010danje uloge zajednice u suzbijanju trgovine ljudima.<\/p><\/div><\/div>\n","protected":false},"excerpt":{"rendered":"","protected":false},"author":1,"featured_media":0,"parent":0,"menu_order":0,"comment_status":"closed","ping_status":"closed","template":"","meta":{"_acf_changed":false,"_uag_custom_page_level_css":"","footnotes":""},"class_list":["post-13654","page","type-page","status-publish","hentry"],"acf":[],"yoast_head":"<!-- This site is optimized with the Yoast SEO plugin v27.3 - https:\/\/yoast.com\/product\/yoast-seo-wordpress\/ -->\n<title>Zavr\u0161eni projekti - Kali Sara<\/title>\n<meta name=\"robots\" content=\"index, follow, max-snippet:-1, max-image-preview:large, max-video-preview:-1\" \/>\n<link rel=\"canonical\" href=\"https:\/\/kalisara-ric.ba\/index.php\/zavrsni-projekti\/\" \/>\n<meta property=\"og:locale\" content=\"bs_BA\" \/>\n<meta property=\"og:type\" content=\"article\" \/>\n<meta property=\"og:title\" content=\"Zavr\u0161eni projekti - Kali Sara\" \/>\n<meta property=\"og:url\" content=\"https:\/\/kalisara-ric.ba\/index.php\/zavrsni-projekti\/\" \/>\n<meta property=\"og:site_name\" content=\"Kali Sara\" \/>\n<meta property=\"article:publisher\" content=\"https:\/\/www.facebook.com\/KaliSaraRic\" \/>\n<meta property=\"article:modified_time\" content=\"2026-01-27T11:26:35+00:00\" \/>\n<meta name=\"twitter:card\" content=\"summary_large_image\" \/>\n<meta name=\"twitter:label1\" content=\"Est. reading time\" \/>\n\t<meta name=\"twitter:data1\" content=\"2 minute\" \/>\n<script type=\"application\/ld+json\" class=\"yoast-schema-graph\">{\"@context\":\"https:\\\/\\\/schema.org\",\"@graph\":[{\"@type\":\"WebPage\",\"@id\":\"https:\\\/\\\/kalisara-ric.ba\\\/index.php\\\/zavrsni-projekti\\\/\",\"url\":\"https:\\\/\\\/kalisara-ric.ba\\\/index.php\\\/zavrsni-projekti\\\/\",\"name\":\"Zavr\u0161eni projekti - Kali Sara\",\"isPartOf\":{\"@id\":\"https:\\\/\\\/kalisara-ric.ba\\\/#website\"},\"datePublished\":\"2026-01-26T13:59:09+00:00\",\"dateModified\":\"2026-01-27T11:26:35+00:00\",\"breadcrumb\":{\"@id\":\"https:\\\/\\\/kalisara-ric.ba\\\/index.php\\\/zavrsni-projekti\\\/#breadcrumb\"},\"inLanguage\":\"bs-BA\",\"potentialAction\":[{\"@type\":\"ReadAction\",\"target\":[\"https:\\\/\\\/kalisara-ric.ba\\\/index.php\\\/zavrsni-projekti\\\/\"]}]},{\"@type\":\"BreadcrumbList\",\"@id\":\"https:\\\/\\\/kalisara-ric.ba\\\/index.php\\\/zavrsni-projekti\\\/#breadcrumb\",\"itemListElement\":[{\"@type\":\"ListItem\",\"position\":1,\"name\":\"Home\",\"item\":\"https:\\\/\\\/kalisara-ric.ba\\\/\"},{\"@type\":\"ListItem\",\"position\":2,\"name\":\"Zavr\u0161eni projekti\"}]},{\"@type\":\"WebSite\",\"@id\":\"https:\\\/\\\/kalisara-ric.ba\\\/#website\",\"url\":\"https:\\\/\\\/kalisara-ric.ba\\\/\",\"name\":\"Kali Sara\",\"description\":\"Romski informativni centar (RIC) \u201eKali Sara\u201c\",\"publisher\":{\"@id\":\"https:\\\/\\\/kalisara-ric.ba\\\/#organization\"},\"potentialAction\":[{\"@type\":\"SearchAction\",\"target\":{\"@type\":\"EntryPoint\",\"urlTemplate\":\"https:\\\/\\\/kalisara-ric.ba\\\/?s={search_term_string}\"},\"query-input\":{\"@type\":\"PropertyValueSpecification\",\"valueRequired\":true,\"valueName\":\"search_term_string\"}}],\"inLanguage\":\"bs-BA\"},{\"@type\":\"Organization\",\"@id\":\"https:\\\/\\\/kalisara-ric.ba\\\/#organization\",\"name\":\"Kali Sara\",\"url\":\"https:\\\/\\\/kalisara-ric.ba\\\/\",\"logo\":{\"@type\":\"ImageObject\",\"inLanguage\":\"bs-BA\",\"@id\":\"https:\\\/\\\/kalisara-ric.ba\\\/#\\\/schema\\\/logo\\\/image\\\/\",\"url\":\"https:\\\/\\\/kalisara-ric.ba\\\/wp-content\\\/uploads\\\/2025\\\/12\\\/Call-for-Experts-to-Join-the-Working-Group-on-Antigypsyism-in-EU-funded-project-Kali-Sara.jpg\",\"contentUrl\":\"https:\\\/\\\/kalisara-ric.ba\\\/wp-content\\\/uploads\\\/2025\\\/12\\\/Call-for-Experts-to-Join-the-Working-Group-on-Antigypsyism-in-EU-funded-project-Kali-Sara.jpg\",\"width\":854,\"height\":306,\"caption\":\"Kali Sara\"},\"image\":{\"@id\":\"https:\\\/\\\/kalisara-ric.ba\\\/#\\\/schema\\\/logo\\\/image\\\/\"},\"sameAs\":[\"https:\\\/\\\/www.facebook.com\\\/KaliSaraRic\"]}]}<\/script>\n<!-- \/ Yoast SEO plugin. -->","yoast_head_json":{"title":"Zavr\u0161eni projekti - Kali Sara","robots":{"index":"index","follow":"follow","max-snippet":"max-snippet:-1","max-image-preview":"max-image-preview:large","max-video-preview":"max-video-preview:-1"},"canonical":"https:\/\/kalisara-ric.ba\/index.php\/zavrsni-projekti\/","og_locale":"bs_BA","og_type":"article","og_title":"Zavr\u0161eni projekti - Kali Sara","og_url":"https:\/\/kalisara-ric.ba\/index.php\/zavrsni-projekti\/","og_site_name":"Kali Sara","article_publisher":"https:\/\/www.facebook.com\/KaliSaraRic","article_modified_time":"2026-01-27T11:26:35+00:00","twitter_card":"summary_large_image","twitter_misc":{"Est. reading time":"2 minute"},"schema":{"@context":"https:\/\/schema.org","@graph":[{"@type":"WebPage","@id":"https:\/\/kalisara-ric.ba\/index.php\/zavrsni-projekti\/","url":"https:\/\/kalisara-ric.ba\/index.php\/zavrsni-projekti\/","name":"Zavr\u0161eni projekti - Kali Sara","isPartOf":{"@id":"https:\/\/kalisara-ric.ba\/#website"},"datePublished":"2026-01-26T13:59:09+00:00","dateModified":"2026-01-27T11:26:35+00:00","breadcrumb":{"@id":"https:\/\/kalisara-ric.ba\/index.php\/zavrsni-projekti\/#breadcrumb"},"inLanguage":"bs-BA","potentialAction":[{"@type":"ReadAction","target":["https:\/\/kalisara-ric.ba\/index.php\/zavrsni-projekti\/"]}]},{"@type":"BreadcrumbList","@id":"https:\/\/kalisara-ric.ba\/index.php\/zavrsni-projekti\/#breadcrumb","itemListElement":[{"@type":"ListItem","position":1,"name":"Home","item":"https:\/\/kalisara-ric.ba\/"},{"@type":"ListItem","position":2,"name":"Zavr\u0161eni projekti"}]},{"@type":"WebSite","@id":"https:\/\/kalisara-ric.ba\/#website","url":"https:\/\/kalisara-ric.ba\/","name":"Kali Sara","description":"Romski informativni centar (RIC) \u201eKali Sara\u201c","publisher":{"@id":"https:\/\/kalisara-ric.ba\/#organization"},"potentialAction":[{"@type":"SearchAction","target":{"@type":"EntryPoint","urlTemplate":"https:\/\/kalisara-ric.ba\/?s={search_term_string}"},"query-input":{"@type":"PropertyValueSpecification","valueRequired":true,"valueName":"search_term_string"}}],"inLanguage":"bs-BA"},{"@type":"Organization","@id":"https:\/\/kalisara-ric.ba\/#organization","name":"Kali Sara","url":"https:\/\/kalisara-ric.ba\/","logo":{"@type":"ImageObject","inLanguage":"bs-BA","@id":"https:\/\/kalisara-ric.ba\/#\/schema\/logo\/image\/","url":"https:\/\/kalisara-ric.ba\/wp-content\/uploads\/2025\/12\/Call-for-Experts-to-Join-the-Working-Group-on-Antigypsyism-in-EU-funded-project-Kali-Sara.jpg","contentUrl":"https:\/\/kalisara-ric.ba\/wp-content\/uploads\/2025\/12\/Call-for-Experts-to-Join-the-Working-Group-on-Antigypsyism-in-EU-funded-project-Kali-Sara.jpg","width":854,"height":306,"caption":"Kali Sara"},"image":{"@id":"https:\/\/kalisara-ric.ba\/#\/schema\/logo\/image\/"},"sameAs":["https:\/\/www.facebook.com\/KaliSaraRic"]}]}},"uagb_featured_image_src":{"full":false,"thumbnail":false,"medium":false,"medium_large":false,"large":false,"1536x1536":false,"2048x2048":false,"wesper_large":false,"wesper_medium":false,"wesper_small":false,"wesper_layouts":false,"wesper_list":false,"wesper_large_sload":false,"wesper_medium_sload":false,"wesper_small_sload":false,"wesper_layouts_sload":false,"wesper_list_sload":false},"uagb_author_info":{"display_name":"admin","author_link":"https:\/\/kalisara-ric.ba\/index.php\/author\/kalisara\/"},"uagb_comment_info":0,"uagb_excerpt":null,"_links":{"self":[{"href":"https:\/\/kalisara-ric.ba\/index.php\/wp-json\/wp\/v2\/pages\/13654","targetHints":{"allow":["GET"]}}],"collection":[{"href":"https:\/\/kalisara-ric.ba\/index.php\/wp-json\/wp\/v2\/pages"}],"about":[{"href":"https:\/\/kalisara-ric.ba\/index.php\/wp-json\/wp\/v2\/types\/page"}],"author":[{"embeddable":true,"href":"https:\/\/kalisara-ric.ba\/index.php\/wp-json\/wp\/v2\/users\/1"}],"replies":[{"embeddable":true,"href":"https:\/\/kalisara-ric.ba\/index.php\/wp-json\/wp\/v2\/comments?post=13654"}],"version-history":[{"count":8,"href":"https:\/\/kalisara-ric.ba\/index.php\/wp-json\/wp\/v2\/pages\/13654\/revisions"}],"predecessor-version":[{"id":13793,"href":"https:\/\/kalisara-ric.ba\/index.php\/wp-json\/wp\/v2\/pages\/13654\/revisions\/13793"}],"wp:attachment":[{"href":"https:\/\/kalisara-ric.ba\/index.php\/wp-json\/wp\/v2\/media?parent=13654"}],"curies":[{"name":"wp","href":"https:\/\/api.w.org\/{rel}","templated":true}]}}