{"id":13667,"date":"2026-01-26T14:02:55","date_gmt":"2026-01-26T14:02:55","guid":{"rendered":"https:\/\/kalisara-ric.ba\/?page_id=13667"},"modified":"2026-02-17T12:50:56","modified_gmt":"2026-02-17T10:50:56","slug":"arhiska-gradja-o-romima-u-bih","status":"publish","type":"page","link":"https:\/\/kalisara-ric.ba\/index.php\/arhiska-gradja-o-romima-u-bih\/","title":{"rendered":"Arhiska gra\u0111a o Romima u BiH"},"content":{"rendered":"\n<p>Kali Sara \u2013 Romski informativni centar radi na istra\u017eivanju, o\u010duvanju i promociji arhivske gra\u0111e koja svjedo\u010di o \u017eivotu, historiji i identitetu Roma u Bosni i Hercegovini. Cilj ovih aktivnosti je uklju\u010diti Rome u zvani\u010dnu historiju dr\u017eave i u\u010diniti njihove tragove vidljivim u institucijama kulture i obrazovanja.<\/p>\n\n\n\n<p>U saradnji sa klju\u010dnim arhivskim i kulturnim institucijama \u2014 Arhivom BiH, Historijskim muzejom BiH, Nacionalnom i univerzitetskom bibliotekom BiH, Muzejom knji\u017eevnosti BiH, Sarajevskim historijskim arhivom i Bo\u0161nja\u010dkim institutom \u2014 potpisan je memorandum o saradnji radi istra\u017eivanja i dokumentovanja gra\u0111e o Romima. Saradnja obuhvata analizu dokumenata iz razli\u010ditih historijskih perioda i izradu edukativnih materijala o historiji, kulturi i obi\u010dajima Roma dostupnih \u0161kolama i javnosti .<\/p>\n\n\n\n<p>U okviru terenskog rada predstavnici organizacije sara\u0111uju i sa kantonalnim arhivima. Tokom posjete Arhivu Hercegova\u010dko-neretvanskog kantona pokrenuta je inicijativa za sistematsko pretra\u017eivanje i mapiranje arhivskih fondova, uklju\u010duju\u0107i sudske zapise \u2013 Si\u0111ile, koji sadr\u017ee vrijedne podatke o \u017eivotu Roma. Planirano je formiranje posebnih fondova kako bi se historijski izvori sa\u010duvali i u\u010dinili dostupnim budu\u0107im generacijama<\/p>\n\n\n\n<p>Ovakva istra\u017eivanja imaju poseban zna\u010daj jer romska zajednica kroz historiju \u010desto nije bila sistematski evidentirana u slu\u017ebenim dokumentima, zbog \u010dega su mnogi doga\u0111aji, doprinosi i stradanja ostali izvan ud\u017ebenika i javnog pam\u0107enja. Dokumentovanjem izvora Romi postaju vidljivi u zvani\u010dnoj historiji, omogu\u0107ava se nau\u010dno istra\u017eivanje i spre\u010dava iskrivljavanje \u010dinjenica.<\/p>\n\n\n\n<p>O\u010duvanjem dokumentovane historije ja\u010da se dru\u0161tvena jednakost i kolektivno pam\u0107enje \u2014 zajednica koja ima sa\u010duvanu i priznatu historiju lak\u0161e ostvaruje prava, gradi identitet i prenosi znanje budu\u0107im generacijama.<\/p>\n","protected":false},"excerpt":{"rendered":"<p>Kali Sara \u2013 Romski informativni centar radi na istra\u017eivanju, o\u010duvanju i promociji arhivske gra\u0111e koja svjedo\u010di o \u017eivotu, historiji i identitetu Roma u Bosni i Hercegovini. Cilj ovih aktivnosti je uklju\u010diti Rome u zvani\u010dnu historiju dr\u017eave i u\u010diniti njihove tragove vidljivim u institucijama kulture i obrazovanja. U saradnji sa klju\u010dnim arhivskim i kulturnim institucijama \u2014 [&hellip;]<\/p>\n","protected":false},"author":1,"featured_media":0,"parent":0,"menu_order":0,"comment_status":"closed","ping_status":"closed","template":"","meta":{"_acf_changed":false,"_uag_custom_page_level_css":"","footnotes":""},"class_list":["post-13667","page","type-page","status-publish","hentry"],"acf":[],"yoast_head":"<!-- This site is optimized with the Yoast SEO plugin v27.3 - https:\/\/yoast.com\/product\/yoast-seo-wordpress\/ -->\n<title>Arhiska gra\u0111a o Romima u BiH - Kali Sara<\/title>\n<meta name=\"robots\" content=\"index, follow, max-snippet:-1, max-image-preview:large, max-video-preview:-1\" \/>\n<link rel=\"canonical\" href=\"https:\/\/kalisara-ric.ba\/index.php\/arhiska-gradja-o-romima-u-bih\/\" \/>\n<meta property=\"og:locale\" content=\"bs_BA\" \/>\n<meta property=\"og:type\" content=\"article\" \/>\n<meta property=\"og:title\" content=\"Arhiska gra\u0111a o Romima u BiH - Kali Sara\" \/>\n<meta property=\"og:description\" content=\"Kali Sara \u2013 Romski informativni centar radi na istra\u017eivanju, o\u010duvanju i promociji arhivske gra\u0111e koja svjedo\u010di o \u017eivotu, historiji i identitetu Roma u Bosni i Hercegovini. Cilj ovih aktivnosti je uklju\u010diti Rome u zvani\u010dnu historiju dr\u017eave i u\u010diniti njihove tragove vidljivim u institucijama kulture i obrazovanja. U saradnji sa klju\u010dnim arhivskim i kulturnim institucijama \u2014 [&hellip;]\" \/>\n<meta property=\"og:url\" content=\"https:\/\/kalisara-ric.ba\/index.php\/arhiska-gradja-o-romima-u-bih\/\" \/>\n<meta property=\"og:site_name\" content=\"Kali Sara\" \/>\n<meta property=\"article:publisher\" content=\"https:\/\/www.facebook.com\/KaliSaraRic\" \/>\n<meta property=\"article:modified_time\" content=\"2026-02-17T10:50:56+00:00\" \/>\n<meta name=\"twitter:card\" content=\"summary_large_image\" \/>\n<meta name=\"twitter:label1\" content=\"Est. reading time\" \/>\n\t<meta name=\"twitter:data1\" content=\"2 minute\" \/>\n<script type=\"application\/ld+json\" class=\"yoast-schema-graph\">{\"@context\":\"https:\\\/\\\/schema.org\",\"@graph\":[{\"@type\":\"WebPage\",\"@id\":\"https:\\\/\\\/kalisara-ric.ba\\\/index.php\\\/arhiska-gradja-o-romima-u-bih\\\/\",\"url\":\"https:\\\/\\\/kalisara-ric.ba\\\/index.php\\\/arhiska-gradja-o-romima-u-bih\\\/\",\"name\":\"Arhiska gra\u0111a o Romima u BiH - Kali Sara\",\"isPartOf\":{\"@id\":\"https:\\\/\\\/kalisara-ric.ba\\\/#website\"},\"datePublished\":\"2026-01-26T14:02:55+00:00\",\"dateModified\":\"2026-02-17T10:50:56+00:00\",\"breadcrumb\":{\"@id\":\"https:\\\/\\\/kalisara-ric.ba\\\/index.php\\\/arhiska-gradja-o-romima-u-bih\\\/#breadcrumb\"},\"inLanguage\":\"bs-BA\",\"potentialAction\":[{\"@type\":\"ReadAction\",\"target\":[\"https:\\\/\\\/kalisara-ric.ba\\\/index.php\\\/arhiska-gradja-o-romima-u-bih\\\/\"]}]},{\"@type\":\"BreadcrumbList\",\"@id\":\"https:\\\/\\\/kalisara-ric.ba\\\/index.php\\\/arhiska-gradja-o-romima-u-bih\\\/#breadcrumb\",\"itemListElement\":[{\"@type\":\"ListItem\",\"position\":1,\"name\":\"Home\",\"item\":\"https:\\\/\\\/kalisara-ric.ba\\\/\"},{\"@type\":\"ListItem\",\"position\":2,\"name\":\"Arhiska gra\u0111a o Romima u BiH\"}]},{\"@type\":\"WebSite\",\"@id\":\"https:\\\/\\\/kalisara-ric.ba\\\/#website\",\"url\":\"https:\\\/\\\/kalisara-ric.ba\\\/\",\"name\":\"Kali Sara\",\"description\":\"Romski informativni centar (RIC) \u201eKali Sara\u201c\",\"publisher\":{\"@id\":\"https:\\\/\\\/kalisara-ric.ba\\\/#organization\"},\"potentialAction\":[{\"@type\":\"SearchAction\",\"target\":{\"@type\":\"EntryPoint\",\"urlTemplate\":\"https:\\\/\\\/kalisara-ric.ba\\\/?s={search_term_string}\"},\"query-input\":{\"@type\":\"PropertyValueSpecification\",\"valueRequired\":true,\"valueName\":\"search_term_string\"}}],\"inLanguage\":\"bs-BA\"},{\"@type\":\"Organization\",\"@id\":\"https:\\\/\\\/kalisara-ric.ba\\\/#organization\",\"name\":\"Kali Sara\",\"url\":\"https:\\\/\\\/kalisara-ric.ba\\\/\",\"logo\":{\"@type\":\"ImageObject\",\"inLanguage\":\"bs-BA\",\"@id\":\"https:\\\/\\\/kalisara-ric.ba\\\/#\\\/schema\\\/logo\\\/image\\\/\",\"url\":\"https:\\\/\\\/kalisara-ric.ba\\\/wp-content\\\/uploads\\\/2025\\\/12\\\/Call-for-Experts-to-Join-the-Working-Group-on-Antigypsyism-in-EU-funded-project-Kali-Sara.jpg\",\"contentUrl\":\"https:\\\/\\\/kalisara-ric.ba\\\/wp-content\\\/uploads\\\/2025\\\/12\\\/Call-for-Experts-to-Join-the-Working-Group-on-Antigypsyism-in-EU-funded-project-Kali-Sara.jpg\",\"width\":854,\"height\":306,\"caption\":\"Kali Sara\"},\"image\":{\"@id\":\"https:\\\/\\\/kalisara-ric.ba\\\/#\\\/schema\\\/logo\\\/image\\\/\"},\"sameAs\":[\"https:\\\/\\\/www.facebook.com\\\/KaliSaraRic\"]}]}<\/script>\n<!-- \/ Yoast SEO plugin. -->","yoast_head_json":{"title":"Arhiska gra\u0111a o Romima u BiH - Kali Sara","robots":{"index":"index","follow":"follow","max-snippet":"max-snippet:-1","max-image-preview":"max-image-preview:large","max-video-preview":"max-video-preview:-1"},"canonical":"https:\/\/kalisara-ric.ba\/index.php\/arhiska-gradja-o-romima-u-bih\/","og_locale":"bs_BA","og_type":"article","og_title":"Arhiska gra\u0111a o Romima u BiH - Kali Sara","og_description":"Kali Sara \u2013 Romski informativni centar radi na istra\u017eivanju, o\u010duvanju i promociji arhivske gra\u0111e koja svjedo\u010di o \u017eivotu, historiji i identitetu Roma u Bosni i Hercegovini. Cilj ovih aktivnosti je uklju\u010diti Rome u zvani\u010dnu historiju dr\u017eave i u\u010diniti njihove tragove vidljivim u institucijama kulture i obrazovanja. U saradnji sa klju\u010dnim arhivskim i kulturnim institucijama \u2014 [&hellip;]","og_url":"https:\/\/kalisara-ric.ba\/index.php\/arhiska-gradja-o-romima-u-bih\/","og_site_name":"Kali Sara","article_publisher":"https:\/\/www.facebook.com\/KaliSaraRic","article_modified_time":"2026-02-17T10:50:56+00:00","twitter_card":"summary_large_image","twitter_misc":{"Est. reading time":"2 minute"},"schema":{"@context":"https:\/\/schema.org","@graph":[{"@type":"WebPage","@id":"https:\/\/kalisara-ric.ba\/index.php\/arhiska-gradja-o-romima-u-bih\/","url":"https:\/\/kalisara-ric.ba\/index.php\/arhiska-gradja-o-romima-u-bih\/","name":"Arhiska gra\u0111a o Romima u BiH - Kali Sara","isPartOf":{"@id":"https:\/\/kalisara-ric.ba\/#website"},"datePublished":"2026-01-26T14:02:55+00:00","dateModified":"2026-02-17T10:50:56+00:00","breadcrumb":{"@id":"https:\/\/kalisara-ric.ba\/index.php\/arhiska-gradja-o-romima-u-bih\/#breadcrumb"},"inLanguage":"bs-BA","potentialAction":[{"@type":"ReadAction","target":["https:\/\/kalisara-ric.ba\/index.php\/arhiska-gradja-o-romima-u-bih\/"]}]},{"@type":"BreadcrumbList","@id":"https:\/\/kalisara-ric.ba\/index.php\/arhiska-gradja-o-romima-u-bih\/#breadcrumb","itemListElement":[{"@type":"ListItem","position":1,"name":"Home","item":"https:\/\/kalisara-ric.ba\/"},{"@type":"ListItem","position":2,"name":"Arhiska gra\u0111a o Romima u BiH"}]},{"@type":"WebSite","@id":"https:\/\/kalisara-ric.ba\/#website","url":"https:\/\/kalisara-ric.ba\/","name":"Kali Sara","description":"Romski informativni centar (RIC) \u201eKali Sara\u201c","publisher":{"@id":"https:\/\/kalisara-ric.ba\/#organization"},"potentialAction":[{"@type":"SearchAction","target":{"@type":"EntryPoint","urlTemplate":"https:\/\/kalisara-ric.ba\/?s={search_term_string}"},"query-input":{"@type":"PropertyValueSpecification","valueRequired":true,"valueName":"search_term_string"}}],"inLanguage":"bs-BA"},{"@type":"Organization","@id":"https:\/\/kalisara-ric.ba\/#organization","name":"Kali Sara","url":"https:\/\/kalisara-ric.ba\/","logo":{"@type":"ImageObject","inLanguage":"bs-BA","@id":"https:\/\/kalisara-ric.ba\/#\/schema\/logo\/image\/","url":"https:\/\/kalisara-ric.ba\/wp-content\/uploads\/2025\/12\/Call-for-Experts-to-Join-the-Working-Group-on-Antigypsyism-in-EU-funded-project-Kali-Sara.jpg","contentUrl":"https:\/\/kalisara-ric.ba\/wp-content\/uploads\/2025\/12\/Call-for-Experts-to-Join-the-Working-Group-on-Antigypsyism-in-EU-funded-project-Kali-Sara.jpg","width":854,"height":306,"caption":"Kali Sara"},"image":{"@id":"https:\/\/kalisara-ric.ba\/#\/schema\/logo\/image\/"},"sameAs":["https:\/\/www.facebook.com\/KaliSaraRic"]}]}},"uagb_featured_image_src":{"full":false,"thumbnail":false,"medium":false,"medium_large":false,"large":false,"1536x1536":false,"2048x2048":false,"wesper_large":false,"wesper_medium":false,"wesper_small":false,"wesper_layouts":false,"wesper_list":false,"wesper_large_sload":false,"wesper_medium_sload":false,"wesper_small_sload":false,"wesper_layouts_sload":false,"wesper_list_sload":false},"uagb_author_info":{"display_name":"admin","author_link":"https:\/\/kalisara-ric.ba\/index.php\/author\/kalisara\/"},"uagb_comment_info":0,"uagb_excerpt":"Kali Sara \u2013 Romski informativni centar radi na istra\u017eivanju, o\u010duvanju i promociji arhivske gra\u0111e koja svjedo\u010di o \u017eivotu, historiji i identitetu Roma u Bosni i Hercegovini. Cilj ovih aktivnosti je uklju\u010diti Rome u zvani\u010dnu historiju dr\u017eave i u\u010diniti njihove tragove vidljivim u institucijama kulture i obrazovanja. U saradnji sa klju\u010dnim arhivskim i kulturnim institucijama \u2014&hellip;","_links":{"self":[{"href":"https:\/\/kalisara-ric.ba\/index.php\/wp-json\/wp\/v2\/pages\/13667","targetHints":{"allow":["GET"]}}],"collection":[{"href":"https:\/\/kalisara-ric.ba\/index.php\/wp-json\/wp\/v2\/pages"}],"about":[{"href":"https:\/\/kalisara-ric.ba\/index.php\/wp-json\/wp\/v2\/types\/page"}],"author":[{"embeddable":true,"href":"https:\/\/kalisara-ric.ba\/index.php\/wp-json\/wp\/v2\/users\/1"}],"replies":[{"embeddable":true,"href":"https:\/\/kalisara-ric.ba\/index.php\/wp-json\/wp\/v2\/comments?post=13667"}],"version-history":[{"count":2,"href":"https:\/\/kalisara-ric.ba\/index.php\/wp-json\/wp\/v2\/pages\/13667\/revisions"}],"predecessor-version":[{"id":14207,"href":"https:\/\/kalisara-ric.ba\/index.php\/wp-json\/wp\/v2\/pages\/13667\/revisions\/14207"}],"wp:attachment":[{"href":"https:\/\/kalisara-ric.ba\/index.php\/wp-json\/wp\/v2\/media?parent=13667"}],"curies":[{"name":"wp","href":"https:\/\/api.w.org\/{rel}","templated":true}]}}