{"id":13683,"date":"2026-01-26T14:04:12","date_gmt":"2026-01-26T14:04:12","guid":{"rendered":"https:\/\/kalisara-ric.ba\/?page_id=13683"},"modified":"2026-02-17T12:55:10","modified_gmt":"2026-02-17T10:55:10","slug":"trgovina-ljudima-2","status":"publish","type":"page","link":"https:\/\/kalisara-ric.ba\/index.php\/trgovina-ljudima-2\/","title":{"rendered":"Trgovina ljudima"},"content":{"rendered":"\n<p>Kali Sara \u2013 Romski informativni centar djeluje na prevenciji trgovine ljudima kroz edukaciju zajednice, saradnju sa institucijama i zagovaranje sistemskih rje\u0161enja za\u0161tite. Aktivnosti su posebno usmjerene na Rome, djecu i mlade, koji zbog siroma\u0161tva, diskriminacije i socijalne isklju\u010denosti spadaju u najrizi\u010dnije grupe za razli\u010dite oblike eksploatacije.<\/p>\n\n\n\n<p><strong>Edukacija i rad u zajednici<\/strong><\/p>\n\n\n\n<p>U romskim zajednicama organizuju se radionice, informativne kampanje i terenski sastanci na kojima se govori o:<\/p>\n\n\n\n<ul class=\"wp-block-list\">\n<li>na\u010dinima vrbovanja i manipulacije<\/li>\n\n\n\n<li>radnoj i seksualnoj eksploataciji<\/li>\n\n\n\n<li>prisilnim brakovima i prosja\u010denju<\/li>\n\n\n\n<li>sigurnom kretanju i zapo\u0161ljavanju u inostranstvu<\/li>\n\n\n\n<li>kome se obratiti za pomo\u0107<\/li>\n<\/ul>\n\n\n\n<p>Cilj je da gra\u0111ani prepoznaju rizi\u010dne situacije i reagiraju na vrijeme, \u010dime se sprje\u010dava iskori\u0161tavanje prije nego \u0161to do njega do\u0111e.<\/p>\n\n\n\n<p><strong>Saradnja sa institucijama i stru\u010dnjacima<\/strong><\/p>\n\n\n\n<p>Kali Sara radi kroz model povezivanja zajednice i sistema za\u0161tite. U saradnji sa policijom, centrima za socijalni rad, \u0161kolama, zdravstvenim ustanovama i organizacijama civilnog dru\u0161tva ja\u010daju se mehanizmi ranog prepoznavanja i prijavljivanja slu\u010dajeva.<\/p>\n\n\n\n<p>Organizacija u\u010destvuje u inicijativama koje povezuju javni sektor i civilno dru\u0161tvo u borbi protiv trgovine ljudima, \u010dime se omogu\u0107ava koordinisana reakcija i za\u0161tita potencijalnih \u017ertava.<\/p>\n\n\n\n<p><strong>Podr\u0161ka \u017ertvama i pravna za\u0161tita<\/strong><\/p>\n\n\n\n<p>Kroz informisanje i savjetovanje pru\u017ea se podr\u0161ka osobama u riziku i \u017ertvama eksploatacije:<\/p>\n\n\n\n<ul class=\"wp-block-list\">\n<li>upu\u0107ivanje na institucije za\u0161tite<\/li>\n\n\n\n<li>pomo\u0107 u ostvarivanju prava<\/li>\n\n\n\n<li>podr\u0161ka u komunikaciji sa institucijama<\/li>\n\n\n\n<li>zagovaranje sigurnih rje\u0161enja<\/li>\n<\/ul>\n\n\n\n<p>Poseban naglasak stavljen je na za\u0161titu djevoj\u010dica i mladih \u017eena koje su izlo\u017eene riziku ranih brakova i ekonomskog iskori\u0161tavanja.<\/p>\n\n\n\n<p><strong>Zagovaranje i javne politike<\/strong><\/p>\n\n\n\n<p>Kali Sara zagovara unapre\u0111enje politika za\u0161tite Roma kroz saradnju sa institucijama i me\u0111unarodnim organizacijama. Cilj je osigurati da se specifi\u010dni rizici kojima su Romi izlo\u017eeni prepoznaju u strategijama borbe protiv trgovine ljudima i nasilja.<\/p>\n\n\n\n<p>Kroz ovaj pristup trgovina ljudima se ne posmatra samo kao sigurnosni problem nego i kao posljedica siroma\u0161tva, diskriminacije i nedostatka obrazovanja \u2014 zbog \u010dega se prevencija povezuje sa obrazovanjem, zapo\u0161ljavanjem i socijalnom za\u0161titom.<\/p>\n\n\n\n<p><\/p>\n","protected":false},"excerpt":{"rendered":"<p>Kali Sara \u2013 Romski informativni centar djeluje na prevenciji trgovine ljudima kroz edukaciju zajednice, saradnju sa institucijama i zagovaranje sistemskih rje\u0161enja za\u0161tite. Aktivnosti su posebno usmjerene na Rome, djecu i mlade, koji zbog siroma\u0161tva, diskriminacije i socijalne isklju\u010denosti spadaju u najrizi\u010dnije grupe za razli\u010dite oblike eksploatacije. Edukacija i rad u zajednici U romskim zajednicama organizuju [&hellip;]<\/p>\n","protected":false},"author":1,"featured_media":0,"parent":0,"menu_order":0,"comment_status":"closed","ping_status":"closed","template":"","meta":{"_acf_changed":false,"_uag_custom_page_level_css":"","footnotes":""},"class_list":["post-13683","page","type-page","status-publish","hentry"],"acf":[],"yoast_head":"<!-- This site is optimized with the Yoast SEO plugin v27.3 - https:\/\/yoast.com\/product\/yoast-seo-wordpress\/ -->\n<title>Trgovina ljudima - Kali Sara<\/title>\n<meta name=\"robots\" content=\"index, follow, max-snippet:-1, max-image-preview:large, max-video-preview:-1\" \/>\n<link rel=\"canonical\" href=\"https:\/\/kalisara-ric.ba\/index.php\/trgovina-ljudima-2\/\" \/>\n<meta property=\"og:locale\" content=\"bs_BA\" \/>\n<meta property=\"og:type\" content=\"article\" \/>\n<meta property=\"og:title\" content=\"Trgovina ljudima - Kali Sara\" \/>\n<meta property=\"og:description\" content=\"Kali Sara \u2013 Romski informativni centar djeluje na prevenciji trgovine ljudima kroz edukaciju zajednice, saradnju sa institucijama i zagovaranje sistemskih rje\u0161enja za\u0161tite. Aktivnosti su posebno usmjerene na Rome, djecu i mlade, koji zbog siroma\u0161tva, diskriminacije i socijalne isklju\u010denosti spadaju u najrizi\u010dnije grupe za razli\u010dite oblike eksploatacije. Edukacija i rad u zajednici U romskim zajednicama organizuju [&hellip;]\" \/>\n<meta property=\"og:url\" content=\"https:\/\/kalisara-ric.ba\/index.php\/trgovina-ljudima-2\/\" \/>\n<meta property=\"og:site_name\" content=\"Kali Sara\" \/>\n<meta property=\"article:publisher\" content=\"https:\/\/www.facebook.com\/KaliSaraRic\" \/>\n<meta property=\"article:modified_time\" content=\"2026-02-17T10:55:10+00:00\" \/>\n<meta name=\"twitter:card\" content=\"summary_large_image\" \/>\n<meta name=\"twitter:label1\" content=\"Est. reading time\" \/>\n\t<meta name=\"twitter:data1\" content=\"2 minute\" \/>\n<script type=\"application\/ld+json\" class=\"yoast-schema-graph\">{\"@context\":\"https:\\\/\\\/schema.org\",\"@graph\":[{\"@type\":\"WebPage\",\"@id\":\"https:\\\/\\\/kalisara-ric.ba\\\/index.php\\\/trgovina-ljudima-2\\\/\",\"url\":\"https:\\\/\\\/kalisara-ric.ba\\\/index.php\\\/trgovina-ljudima-2\\\/\",\"name\":\"Trgovina ljudima - Kali Sara\",\"isPartOf\":{\"@id\":\"https:\\\/\\\/kalisara-ric.ba\\\/#website\"},\"datePublished\":\"2026-01-26T14:04:12+00:00\",\"dateModified\":\"2026-02-17T10:55:10+00:00\",\"breadcrumb\":{\"@id\":\"https:\\\/\\\/kalisara-ric.ba\\\/index.php\\\/trgovina-ljudima-2\\\/#breadcrumb\"},\"inLanguage\":\"bs-BA\",\"potentialAction\":[{\"@type\":\"ReadAction\",\"target\":[\"https:\\\/\\\/kalisara-ric.ba\\\/index.php\\\/trgovina-ljudima-2\\\/\"]}]},{\"@type\":\"BreadcrumbList\",\"@id\":\"https:\\\/\\\/kalisara-ric.ba\\\/index.php\\\/trgovina-ljudima-2\\\/#breadcrumb\",\"itemListElement\":[{\"@type\":\"ListItem\",\"position\":1,\"name\":\"Home\",\"item\":\"https:\\\/\\\/kalisara-ric.ba\\\/\"},{\"@type\":\"ListItem\",\"position\":2,\"name\":\"Trgovina ljudima\"}]},{\"@type\":\"WebSite\",\"@id\":\"https:\\\/\\\/kalisara-ric.ba\\\/#website\",\"url\":\"https:\\\/\\\/kalisara-ric.ba\\\/\",\"name\":\"Kali Sara\",\"description\":\"Romski informativni centar (RIC) \u201eKali Sara\u201c\",\"publisher\":{\"@id\":\"https:\\\/\\\/kalisara-ric.ba\\\/#organization\"},\"potentialAction\":[{\"@type\":\"SearchAction\",\"target\":{\"@type\":\"EntryPoint\",\"urlTemplate\":\"https:\\\/\\\/kalisara-ric.ba\\\/?s={search_term_string}\"},\"query-input\":{\"@type\":\"PropertyValueSpecification\",\"valueRequired\":true,\"valueName\":\"search_term_string\"}}],\"inLanguage\":\"bs-BA\"},{\"@type\":\"Organization\",\"@id\":\"https:\\\/\\\/kalisara-ric.ba\\\/#organization\",\"name\":\"Kali Sara\",\"url\":\"https:\\\/\\\/kalisara-ric.ba\\\/\",\"logo\":{\"@type\":\"ImageObject\",\"inLanguage\":\"bs-BA\",\"@id\":\"https:\\\/\\\/kalisara-ric.ba\\\/#\\\/schema\\\/logo\\\/image\\\/\",\"url\":\"https:\\\/\\\/kalisara-ric.ba\\\/wp-content\\\/uploads\\\/2025\\\/12\\\/Call-for-Experts-to-Join-the-Working-Group-on-Antigypsyism-in-EU-funded-project-Kali-Sara.jpg\",\"contentUrl\":\"https:\\\/\\\/kalisara-ric.ba\\\/wp-content\\\/uploads\\\/2025\\\/12\\\/Call-for-Experts-to-Join-the-Working-Group-on-Antigypsyism-in-EU-funded-project-Kali-Sara.jpg\",\"width\":854,\"height\":306,\"caption\":\"Kali Sara\"},\"image\":{\"@id\":\"https:\\\/\\\/kalisara-ric.ba\\\/#\\\/schema\\\/logo\\\/image\\\/\"},\"sameAs\":[\"https:\\\/\\\/www.facebook.com\\\/KaliSaraRic\"]}]}<\/script>\n<!-- \/ Yoast SEO plugin. -->","yoast_head_json":{"title":"Trgovina ljudima - Kali Sara","robots":{"index":"index","follow":"follow","max-snippet":"max-snippet:-1","max-image-preview":"max-image-preview:large","max-video-preview":"max-video-preview:-1"},"canonical":"https:\/\/kalisara-ric.ba\/index.php\/trgovina-ljudima-2\/","og_locale":"bs_BA","og_type":"article","og_title":"Trgovina ljudima - Kali Sara","og_description":"Kali Sara \u2013 Romski informativni centar djeluje na prevenciji trgovine ljudima kroz edukaciju zajednice, saradnju sa institucijama i zagovaranje sistemskih rje\u0161enja za\u0161tite. Aktivnosti su posebno usmjerene na Rome, djecu i mlade, koji zbog siroma\u0161tva, diskriminacije i socijalne isklju\u010denosti spadaju u najrizi\u010dnije grupe za razli\u010dite oblike eksploatacije. Edukacija i rad u zajednici U romskim zajednicama organizuju [&hellip;]","og_url":"https:\/\/kalisara-ric.ba\/index.php\/trgovina-ljudima-2\/","og_site_name":"Kali Sara","article_publisher":"https:\/\/www.facebook.com\/KaliSaraRic","article_modified_time":"2026-02-17T10:55:10+00:00","twitter_card":"summary_large_image","twitter_misc":{"Est. reading time":"2 minute"},"schema":{"@context":"https:\/\/schema.org","@graph":[{"@type":"WebPage","@id":"https:\/\/kalisara-ric.ba\/index.php\/trgovina-ljudima-2\/","url":"https:\/\/kalisara-ric.ba\/index.php\/trgovina-ljudima-2\/","name":"Trgovina ljudima - Kali Sara","isPartOf":{"@id":"https:\/\/kalisara-ric.ba\/#website"},"datePublished":"2026-01-26T14:04:12+00:00","dateModified":"2026-02-17T10:55:10+00:00","breadcrumb":{"@id":"https:\/\/kalisara-ric.ba\/index.php\/trgovina-ljudima-2\/#breadcrumb"},"inLanguage":"bs-BA","potentialAction":[{"@type":"ReadAction","target":["https:\/\/kalisara-ric.ba\/index.php\/trgovina-ljudima-2\/"]}]},{"@type":"BreadcrumbList","@id":"https:\/\/kalisara-ric.ba\/index.php\/trgovina-ljudima-2\/#breadcrumb","itemListElement":[{"@type":"ListItem","position":1,"name":"Home","item":"https:\/\/kalisara-ric.ba\/"},{"@type":"ListItem","position":2,"name":"Trgovina ljudima"}]},{"@type":"WebSite","@id":"https:\/\/kalisara-ric.ba\/#website","url":"https:\/\/kalisara-ric.ba\/","name":"Kali Sara","description":"Romski informativni centar (RIC) \u201eKali Sara\u201c","publisher":{"@id":"https:\/\/kalisara-ric.ba\/#organization"},"potentialAction":[{"@type":"SearchAction","target":{"@type":"EntryPoint","urlTemplate":"https:\/\/kalisara-ric.ba\/?s={search_term_string}"},"query-input":{"@type":"PropertyValueSpecification","valueRequired":true,"valueName":"search_term_string"}}],"inLanguage":"bs-BA"},{"@type":"Organization","@id":"https:\/\/kalisara-ric.ba\/#organization","name":"Kali Sara","url":"https:\/\/kalisara-ric.ba\/","logo":{"@type":"ImageObject","inLanguage":"bs-BA","@id":"https:\/\/kalisara-ric.ba\/#\/schema\/logo\/image\/","url":"https:\/\/kalisara-ric.ba\/wp-content\/uploads\/2025\/12\/Call-for-Experts-to-Join-the-Working-Group-on-Antigypsyism-in-EU-funded-project-Kali-Sara.jpg","contentUrl":"https:\/\/kalisara-ric.ba\/wp-content\/uploads\/2025\/12\/Call-for-Experts-to-Join-the-Working-Group-on-Antigypsyism-in-EU-funded-project-Kali-Sara.jpg","width":854,"height":306,"caption":"Kali Sara"},"image":{"@id":"https:\/\/kalisara-ric.ba\/#\/schema\/logo\/image\/"},"sameAs":["https:\/\/www.facebook.com\/KaliSaraRic"]}]}},"uagb_featured_image_src":{"full":false,"thumbnail":false,"medium":false,"medium_large":false,"large":false,"1536x1536":false,"2048x2048":false,"wesper_large":false,"wesper_medium":false,"wesper_small":false,"wesper_layouts":false,"wesper_list":false,"wesper_large_sload":false,"wesper_medium_sload":false,"wesper_small_sload":false,"wesper_layouts_sload":false,"wesper_list_sload":false},"uagb_author_info":{"display_name":"admin","author_link":"https:\/\/kalisara-ric.ba\/index.php\/author\/kalisara\/"},"uagb_comment_info":0,"uagb_excerpt":"Kali Sara \u2013 Romski informativni centar djeluje na prevenciji trgovine ljudima kroz edukaciju zajednice, saradnju sa institucijama i zagovaranje sistemskih rje\u0161enja za\u0161tite. Aktivnosti su posebno usmjerene na Rome, djecu i mlade, koji zbog siroma\u0161tva, diskriminacije i socijalne isklju\u010denosti spadaju u najrizi\u010dnije grupe za razli\u010dite oblike eksploatacije. Edukacija i rad u zajednici U romskim zajednicama organizuju&hellip;","_links":{"self":[{"href":"https:\/\/kalisara-ric.ba\/index.php\/wp-json\/wp\/v2\/pages\/13683","targetHints":{"allow":["GET"]}}],"collection":[{"href":"https:\/\/kalisara-ric.ba\/index.php\/wp-json\/wp\/v2\/pages"}],"about":[{"href":"https:\/\/kalisara-ric.ba\/index.php\/wp-json\/wp\/v2\/types\/page"}],"author":[{"embeddable":true,"href":"https:\/\/kalisara-ric.ba\/index.php\/wp-json\/wp\/v2\/users\/1"}],"replies":[{"embeddable":true,"href":"https:\/\/kalisara-ric.ba\/index.php\/wp-json\/wp\/v2\/comments?post=13683"}],"version-history":[{"count":2,"href":"https:\/\/kalisara-ric.ba\/index.php\/wp-json\/wp\/v2\/pages\/13683\/revisions"}],"predecessor-version":[{"id":14208,"href":"https:\/\/kalisara-ric.ba\/index.php\/wp-json\/wp\/v2\/pages\/13683\/revisions\/14208"}],"wp:attachment":[{"href":"https:\/\/kalisara-ric.ba\/index.php\/wp-json\/wp\/v2\/media?parent=13683"}],"curies":[{"name":"wp","href":"https:\/\/api.w.org\/{rel}","templated":true}]}}