{"id":14176,"date":"2026-02-03T10:09:10","date_gmt":"2026-02-03T10:09:10","guid":{"rendered":"https:\/\/kalisara-ric.ba\/?page_id=14176"},"modified":"2026-02-03T10:20:02","modified_gmt":"2026-02-03T10:20:02","slug":"projekti","status":"publish","type":"page","link":"https:\/\/kalisara-ric.ba\/index.php\/projekti\/","title":{"rendered":"Projekti"},"content":{"rendered":"<h3 class=\"wp-block-uagb-advanced-heading uagb-block-e4000d08\"><strong>Grant sredstva romskim nevladinim organizacijama<\/strong><\/h3>\n\n\n<p>Grant sredstava dodjeljuju se romskim nevladinim organizacijama koje posebno izra\u017eavaju potrebu za o\u010duvanjem etni\u010dkog, kulturnog i jezi\u010dnog identiteta Roma\/Romkinja Bosne i Hercegovine.<\/p>\n\n\n\n<p>Sredstva su namijenjena:<\/p>\n\n\n\n<ul class=\"wp-block-list\">\n<li>Za rad Odbora za Rome<\/li>\n\n\n\n<li>Za obilje\u017eavanje stradanja Roma u II svjetskom ratu<\/li>\n<\/ul>\n\n\n\n<p><\/p>\n","protected":false},"excerpt":{"rendered":"<p>Grant sredstva romskim nevladinim organizacijama Grant sredstava dodjeljuju se romskim nevladinim organizacijama koje posebno izra\u017eavaju potrebu za o\u010duvanjem etni\u010dkog, kulturnog i jezi\u010dnog identiteta Roma\/Romkinja Bosne i Hercegovine. Sredstva su namijenjena:<\/p>\n","protected":false},"author":2,"featured_media":0,"parent":0,"menu_order":0,"comment_status":"closed","ping_status":"closed","template":"","meta":{"_acf_changed":false,"_uag_custom_page_level_css":"","footnotes":""},"class_list":["post-14176","page","type-page","status-publish","hentry"],"acf":[],"yoast_head":"<!-- This site is optimized with the Yoast SEO plugin v27.3 - https:\/\/yoast.com\/product\/yoast-seo-wordpress\/ -->\n<title>Projekti - Kali Sara<\/title>\n<meta name=\"robots\" content=\"index, follow, max-snippet:-1, max-image-preview:large, max-video-preview:-1\" \/>\n<link rel=\"canonical\" href=\"https:\/\/kalisara-ric.ba\/index.php\/projekti\/\" \/>\n<meta property=\"og:locale\" content=\"bs_BA\" \/>\n<meta property=\"og:type\" content=\"article\" \/>\n<meta property=\"og:title\" content=\"Projekti - Kali Sara\" \/>\n<meta property=\"og:description\" content=\"Grant sredstva romskim nevladinim organizacijama Grant sredstava dodjeljuju se romskim nevladinim organizacijama koje posebno izra\u017eavaju potrebu za o\u010duvanjem etni\u010dkog, kulturnog i jezi\u010dnog identiteta Roma\/Romkinja Bosne i Hercegovine. Sredstva su namijenjena:\" \/>\n<meta property=\"og:url\" content=\"https:\/\/kalisara-ric.ba\/index.php\/projekti\/\" \/>\n<meta property=\"og:site_name\" content=\"Kali Sara\" \/>\n<meta property=\"article:publisher\" content=\"https:\/\/www.facebook.com\/KaliSaraRic\" \/>\n<meta property=\"article:modified_time\" content=\"2026-02-03T10:20:02+00:00\" \/>\n<meta name=\"twitter:card\" content=\"summary_large_image\" \/>\n<meta name=\"twitter:label1\" content=\"Est. reading time\" \/>\n\t<meta name=\"twitter:data1\" content=\"1 minuta\" \/>\n<script type=\"application\/ld+json\" class=\"yoast-schema-graph\">{\"@context\":\"https:\\\/\\\/schema.org\",\"@graph\":[{\"@type\":\"WebPage\",\"@id\":\"https:\\\/\\\/kalisara-ric.ba\\\/index.php\\\/projekti\\\/\",\"url\":\"https:\\\/\\\/kalisara-ric.ba\\\/index.php\\\/projekti\\\/\",\"name\":\"Projekti - Kali Sara\",\"isPartOf\":{\"@id\":\"https:\\\/\\\/kalisara-ric.ba\\\/#website\"},\"datePublished\":\"2026-02-03T10:09:10+00:00\",\"dateModified\":\"2026-02-03T10:20:02+00:00\",\"breadcrumb\":{\"@id\":\"https:\\\/\\\/kalisara-ric.ba\\\/index.php\\\/projekti\\\/#breadcrumb\"},\"inLanguage\":\"bs-BA\",\"potentialAction\":[{\"@type\":\"ReadAction\",\"target\":[\"https:\\\/\\\/kalisara-ric.ba\\\/index.php\\\/projekti\\\/\"]}]},{\"@type\":\"BreadcrumbList\",\"@id\":\"https:\\\/\\\/kalisara-ric.ba\\\/index.php\\\/projekti\\\/#breadcrumb\",\"itemListElement\":[{\"@type\":\"ListItem\",\"position\":1,\"name\":\"Home\",\"item\":\"https:\\\/\\\/kalisara-ric.ba\\\/\"},{\"@type\":\"ListItem\",\"position\":2,\"name\":\"Projekti\"}]},{\"@type\":\"WebSite\",\"@id\":\"https:\\\/\\\/kalisara-ric.ba\\\/#website\",\"url\":\"https:\\\/\\\/kalisara-ric.ba\\\/\",\"name\":\"Kali Sara\",\"description\":\"Romski informativni centar (RIC) \u201eKali Sara\u201c\",\"publisher\":{\"@id\":\"https:\\\/\\\/kalisara-ric.ba\\\/#organization\"},\"potentialAction\":[{\"@type\":\"SearchAction\",\"target\":{\"@type\":\"EntryPoint\",\"urlTemplate\":\"https:\\\/\\\/kalisara-ric.ba\\\/?s={search_term_string}\"},\"query-input\":{\"@type\":\"PropertyValueSpecification\",\"valueRequired\":true,\"valueName\":\"search_term_string\"}}],\"inLanguage\":\"bs-BA\"},{\"@type\":\"Organization\",\"@id\":\"https:\\\/\\\/kalisara-ric.ba\\\/#organization\",\"name\":\"Kali Sara\",\"url\":\"https:\\\/\\\/kalisara-ric.ba\\\/\",\"logo\":{\"@type\":\"ImageObject\",\"inLanguage\":\"bs-BA\",\"@id\":\"https:\\\/\\\/kalisara-ric.ba\\\/#\\\/schema\\\/logo\\\/image\\\/\",\"url\":\"https:\\\/\\\/kalisara-ric.ba\\\/wp-content\\\/uploads\\\/2025\\\/12\\\/Call-for-Experts-to-Join-the-Working-Group-on-Antigypsyism-in-EU-funded-project-Kali-Sara.jpg\",\"contentUrl\":\"https:\\\/\\\/kalisara-ric.ba\\\/wp-content\\\/uploads\\\/2025\\\/12\\\/Call-for-Experts-to-Join-the-Working-Group-on-Antigypsyism-in-EU-funded-project-Kali-Sara.jpg\",\"width\":854,\"height\":306,\"caption\":\"Kali Sara\"},\"image\":{\"@id\":\"https:\\\/\\\/kalisara-ric.ba\\\/#\\\/schema\\\/logo\\\/image\\\/\"},\"sameAs\":[\"https:\\\/\\\/www.facebook.com\\\/KaliSaraRic\"]}]}<\/script>\n<!-- \/ Yoast SEO plugin. -->","yoast_head_json":{"title":"Projekti - Kali Sara","robots":{"index":"index","follow":"follow","max-snippet":"max-snippet:-1","max-image-preview":"max-image-preview:large","max-video-preview":"max-video-preview:-1"},"canonical":"https:\/\/kalisara-ric.ba\/index.php\/projekti\/","og_locale":"bs_BA","og_type":"article","og_title":"Projekti - Kali Sara","og_description":"Grant sredstva romskim nevladinim organizacijama Grant sredstava dodjeljuju se romskim nevladinim organizacijama koje posebno izra\u017eavaju potrebu za o\u010duvanjem etni\u010dkog, kulturnog i jezi\u010dnog identiteta Roma\/Romkinja Bosne i Hercegovine. Sredstva su namijenjena:","og_url":"https:\/\/kalisara-ric.ba\/index.php\/projekti\/","og_site_name":"Kali Sara","article_publisher":"https:\/\/www.facebook.com\/KaliSaraRic","article_modified_time":"2026-02-03T10:20:02+00:00","twitter_card":"summary_large_image","twitter_misc":{"Est. reading time":"1 minuta"},"schema":{"@context":"https:\/\/schema.org","@graph":[{"@type":"WebPage","@id":"https:\/\/kalisara-ric.ba\/index.php\/projekti\/","url":"https:\/\/kalisara-ric.ba\/index.php\/projekti\/","name":"Projekti - Kali Sara","isPartOf":{"@id":"https:\/\/kalisara-ric.ba\/#website"},"datePublished":"2026-02-03T10:09:10+00:00","dateModified":"2026-02-03T10:20:02+00:00","breadcrumb":{"@id":"https:\/\/kalisara-ric.ba\/index.php\/projekti\/#breadcrumb"},"inLanguage":"bs-BA","potentialAction":[{"@type":"ReadAction","target":["https:\/\/kalisara-ric.ba\/index.php\/projekti\/"]}]},{"@type":"BreadcrumbList","@id":"https:\/\/kalisara-ric.ba\/index.php\/projekti\/#breadcrumb","itemListElement":[{"@type":"ListItem","position":1,"name":"Home","item":"https:\/\/kalisara-ric.ba\/"},{"@type":"ListItem","position":2,"name":"Projekti"}]},{"@type":"WebSite","@id":"https:\/\/kalisara-ric.ba\/#website","url":"https:\/\/kalisara-ric.ba\/","name":"Kali Sara","description":"Romski informativni centar (RIC) \u201eKali Sara\u201c","publisher":{"@id":"https:\/\/kalisara-ric.ba\/#organization"},"potentialAction":[{"@type":"SearchAction","target":{"@type":"EntryPoint","urlTemplate":"https:\/\/kalisara-ric.ba\/?s={search_term_string}"},"query-input":{"@type":"PropertyValueSpecification","valueRequired":true,"valueName":"search_term_string"}}],"inLanguage":"bs-BA"},{"@type":"Organization","@id":"https:\/\/kalisara-ric.ba\/#organization","name":"Kali Sara","url":"https:\/\/kalisara-ric.ba\/","logo":{"@type":"ImageObject","inLanguage":"bs-BA","@id":"https:\/\/kalisara-ric.ba\/#\/schema\/logo\/image\/","url":"https:\/\/kalisara-ric.ba\/wp-content\/uploads\/2025\/12\/Call-for-Experts-to-Join-the-Working-Group-on-Antigypsyism-in-EU-funded-project-Kali-Sara.jpg","contentUrl":"https:\/\/kalisara-ric.ba\/wp-content\/uploads\/2025\/12\/Call-for-Experts-to-Join-the-Working-Group-on-Antigypsyism-in-EU-funded-project-Kali-Sara.jpg","width":854,"height":306,"caption":"Kali Sara"},"image":{"@id":"https:\/\/kalisara-ric.ba\/#\/schema\/logo\/image\/"},"sameAs":["https:\/\/www.facebook.com\/KaliSaraRic"]}]}},"uagb_featured_image_src":{"full":false,"thumbnail":false,"medium":false,"medium_large":false,"large":false,"1536x1536":false,"2048x2048":false,"wesper_large":false,"wesper_medium":false,"wesper_small":false,"wesper_layouts":false,"wesper_list":false,"wesper_large_sload":false,"wesper_medium_sload":false,"wesper_small_sload":false,"wesper_layouts_sload":false,"wesper_list_sload":false},"uagb_author_info":{"display_name":"admin","author_link":"https:\/\/kalisara-ric.ba\/index.php\/author\/admin\/"},"uagb_comment_info":0,"uagb_excerpt":"Grant sredstva romskim nevladinim organizacijama Grant sredstava dodjeljuju se romskim nevladinim organizacijama koje posebno izra\u017eavaju potrebu za o\u010duvanjem etni\u010dkog, kulturnog i jezi\u010dnog identiteta Roma\/Romkinja Bosne i Hercegovine. Sredstva su namijenjena:","_links":{"self":[{"href":"https:\/\/kalisara-ric.ba\/index.php\/wp-json\/wp\/v2\/pages\/14176","targetHints":{"allow":["GET"]}}],"collection":[{"href":"https:\/\/kalisara-ric.ba\/index.php\/wp-json\/wp\/v2\/pages"}],"about":[{"href":"https:\/\/kalisara-ric.ba\/index.php\/wp-json\/wp\/v2\/types\/page"}],"author":[{"embeddable":true,"href":"https:\/\/kalisara-ric.ba\/index.php\/wp-json\/wp\/v2\/users\/2"}],"replies":[{"embeddable":true,"href":"https:\/\/kalisara-ric.ba\/index.php\/wp-json\/wp\/v2\/comments?post=14176"}],"version-history":[{"count":4,"href":"https:\/\/kalisara-ric.ba\/index.php\/wp-json\/wp\/v2\/pages\/14176\/revisions"}],"predecessor-version":[{"id":14183,"href":"https:\/\/kalisara-ric.ba\/index.php\/wp-json\/wp\/v2\/pages\/14176\/revisions\/14183"}],"wp:attachment":[{"href":"https:\/\/kalisara-ric.ba\/index.php\/wp-json\/wp\/v2\/media?parent=14176"}],"curies":[{"name":"wp","href":"https:\/\/api.w.org\/{rel}","templated":true}]}}