{"id":2,"date":"2025-12-12T12:18:11","date_gmt":"2025-12-12T12:18:11","guid":{"rendered":"https:\/\/kalisara-ric.ba\/?page_id=2"},"modified":"2025-12-16T09:35:38","modified_gmt":"2025-12-16T09:35:38","slug":"o-nama","status":"publish","type":"page","link":"https:\/\/kalisara-ric.ba\/index.php\/o-nama\/","title":{"rendered":"O nama"},"content":{"rendered":"\n<p><strong>Kali Sara \u2013 Romski Informativni Centar (ric)<\/strong><\/p>\n\n\n\n<p>Romski informativni centar (RIC) uspostavljen je 2007. godine kroz projekt \u201ePodr\u0161ka romskoj nacionalnoj manjini u BiH u efektivnom zagovaranju i izvje\u0161tavanju\u201c. Projekt su finansijski podr\u017eali ameri\u010dki State Department i World Vision Inc.<\/p>\n\n\n\n<p>Osnovni cilj formiranja RIC-a je borba protiv diskriminacije Roma stvaranjem pozitivne medijske slike o Romima, predstavljanjem pozitivnih primjera iz zajednice te o\u010duvanjem jezi\u010dke, kulturne i historijske ba\u0161tine romske populacije.<\/p>\n\n\n\n<p>RIC je u aprilu 2009. godine registrovan kao udru\u017eenje i puni naziv je Kali Sara \u2013 Romski informativni centar.<\/p>\n\n\n\n<p><strong>Programski ciljevi<\/strong><\/p>\n\n\n\n<p>Programski ciljevi Kali Sare RIC-a su zastupanje interesa Roma kroz saradnju s relevantnim institucijama i organizacijama, razvijanje znanja i vje\u0161tina iz oblasti ljudskih prava i evropskih integracija, ja\u010danje kapaciteta mladih i \u017eena, podizanje svijesti BH javnosti o romskim pitanjima putem medija te doprinos ja\u010danju civilnog dru\u0161tva.<\/p>\n\n\n\n<p><strong>Aktivnosti<\/strong><\/p>\n\n\n\n<p>Aktivnosti udru\u017eenja Kali Sara \u2013 RIC su zagovaranje i lobiranje za rje\u0161avanje problema Roma u BiH, istra\u017eivanje i izvje\u0161tavanje o realizaciji politika i strategija za rje\u0161avanje problema Roma, monitoring i evaluacija realizacije Strategije za rje\u0161avanje problema Roma i Dekade Roma u BiH, organiziranje javnih kampanja, edukacija mladih Roma i Romkinja, organiziranje stru\u010dnih skupova, treninga i seminara, kreiranje, dizajniranje i izdavanje promotivnih materijala, izdavanje i objavljivanje knjiga i drugih publikacija, informiranje javnosti o pitanjima Roma putem medija, te istra\u017eivanje, analize i monitoring rada elektronskih i pisanih medija o izvje\u0161tavanju o romskim pitanjima.<\/p>\n\n\n\n<p><strong>Realizovani projekti i rezultati rada<\/strong><\/p>\n\n\n\n<p><strong>Period 2009\u20132010<\/strong><\/p>\n\n\n\n<ul class=\"wp-block-list\">\n<li>Medijska kampanja \u201ePodr\u0161ka romskoj nacionalnoj manjini u BiH u efektivnom zagovaranju i izvje\u0161tavanju\u201c. Projekt su finansijski podr\u017eali ameri\u010dki State Department i World Vision Inc.<\/li>\n\n\n\n<li>Revizija akcionog plana za obrazovanje Roma 2009\u20132010, finansijski podr\u017eana od strane UNICEF-a BiH.<\/li>\n\n\n\n<li>Decade Watch (monitoring implementacije Dekade 2009\/2010), projekat finansiran od strane Open Society Institute i OSCE BiH.<\/li>\n\n\n\n<li>Medijska kampanja o upisu u mati\u010dnu knjigu ro\u0111enih 2009\/2010 u sklopu projekta \u201ePodr\u0161ka najugro\u017eenijim grupama Roma u BiH\u201c, koji se implementira od strane UNHCR-a BiH i finansira od \u0160vicarske agencije za razvoj i saradnju (SDC), Vlade Lichtensteina i projekta \u201eSocijalno uklju\u010denje: Regionalna podr\u0161ka marginaliziranim zajednicama\u201c, finansiranog od strane EU.<\/li>\n\n\n\n<li>Regionalni projekt \u201eVrijeme je za Evropu\u201c, realizovan u saradnji sa NVO \u201eSlovo 21\u201c iz \u010ce\u0161ke, a finansijski podr\u017ean od strane Ministarstva inostranih poslova \u010ce\u0161ke Republike u okviru programa Transformacijska saradnja i Fonda Otvoreno dru\u0161tvo BiH i \u010ce\u0161ke Republike \u2013 2010.<\/li>\n\n\n\n<li>Regionalna konferencija \u201eJezik, historija i kultura Roma ju\u010de \u2013 danas \u2013 sutra\u201c, realizovana u sklopu MDG-F programa \u201ePobolj\u0161anje kulturnog razumijevanja u BiH\u201c, UN agencija fond \u2013 2010.<\/li>\n<\/ul>\n\n\n\n<p><strong>2011. godina<\/strong><\/p>\n\n\n\n<p>Trenutno realizujemo:<\/p>\n\n\n\n<ul class=\"wp-block-list\">\n<li>Regionalni projekat \u201eRomi u javnosti\u201c \u2013 projekat kofinansira Evropska unija u okviru IPA 2009: Instrument za civilno dru\u0161tvo \u2013 Regionalni programi.<\/li>\n\n\n\n<li>Projekat \u201eOsna\u017eivanje \u017eena Romkinja za zapo\u0161ljavanje i samozapo\u0161ljavanje\u201c, koji se finansira od strane Ministarstva za ljudska prava i izbjeglice BiH i Agencije za ravnopravnost spolova \u2013 FIGAP program.<\/li>\n<\/ul>\n\n\n\n<p><strong>Dodatne aktivnosti<\/strong><\/p>\n\n\n\n<p>U prethodnom periodu, pored navedenih projekata, organizovali smo treninge za novinare volontere, konferencije, provodili istra\u017eivanja, analize, monitoring i evaluacije, organizovali sastanke u romskim zajednicama, stru\u010dne skupove i seminare, izdali i objavili magazin \u201eCrno-bijeli svijet\u201c, organizovali izlo\u017ebe radova romske djece te objavili druge publikacije.<\/p>\n\n\n\n<p><strong>Saradnja i partnerstva<\/strong><\/p>\n\n\n\n<p>Kali Sara \u2013 Romski informativni centar u svom radu anga\u017eovao je preko 30 konsultanata i eksperata iz razli\u010ditih oblasti s ciljem realizacije projektnih aktivnosti. Tako\u0111er je uspostavljena saradnja sa romskim nevladinim sektorom, medijima i predstavnicima institucija vlasti u Bosni i Hercegovini na svim nivoima, kao i sa me\u0111unarodnim i drugim nevladinim organizacijama u Bosni i Hercegovini i regiji koje su uklju\u010dene u aktuelne tokove relevantne za Rome u BiH.<\/p>\n\n\n\n<p>Neke od institucija sa kojima Kali Sara \u2013 RIC sara\u0111uje su: Ministarstvo za ljudska prava i izbjeglice BiH, Koordinacioni odbor za pra\u0107enje i provo\u0111enje Dekade, Evropska komisija, UNHCR, UNICEF, OSCE, Vije\u0107e Evrope, BHR1, RTVFBIH, Oslobo\u0111enje, FENA i mnogi drugi.<\/p>\n","protected":false},"excerpt":{"rendered":"<p>Kali Sara \u2013 Romski Informativni Centar (ric) Romski informativni centar (RIC) uspostavljen je 2007. godine kroz projekt \u201ePodr\u0161ka romskoj nacionalnoj manjini u BiH u efektivnom zagovaranju i izvje\u0161tavanju\u201c. Projekt su finansijski podr\u017eali ameri\u010dki State Department i World Vision Inc. Osnovni cilj formiranja RIC-a je borba protiv diskriminacije Roma stvaranjem pozitivne medijske slike o Romima, predstavljanjem [&hellip;]<\/p>\n","protected":false},"author":1,"featured_media":0,"parent":0,"menu_order":0,"comment_status":"closed","ping_status":"open","template":"","meta":{"_acf_changed":false,"_uag_custom_page_level_css":"","footnotes":""},"class_list":["post-2","page","type-page","status-publish","hentry"],"acf":[],"yoast_head":"<!-- This site is optimized with the Yoast SEO plugin v27.3 - https:\/\/yoast.com\/product\/yoast-seo-wordpress\/ -->\n<title>O nama - Kali Sara<\/title>\n<meta name=\"robots\" content=\"index, follow, max-snippet:-1, max-image-preview:large, max-video-preview:-1\" \/>\n<link rel=\"canonical\" href=\"https:\/\/kalisara-ric.ba\/index.php\/o-nama\/\" \/>\n<meta property=\"og:locale\" content=\"bs_BA\" \/>\n<meta property=\"og:type\" content=\"article\" \/>\n<meta property=\"og:title\" content=\"O nama - Kali Sara\" \/>\n<meta property=\"og:description\" content=\"Kali Sara \u2013 Romski Informativni Centar (ric) Romski informativni centar (RIC) uspostavljen je 2007. godine kroz projekt \u201ePodr\u0161ka romskoj nacionalnoj manjini u BiH u efektivnom zagovaranju i izvje\u0161tavanju\u201c. Projekt su finansijski podr\u017eali ameri\u010dki State Department i World Vision Inc. Osnovni cilj formiranja RIC-a je borba protiv diskriminacije Roma stvaranjem pozitivne medijske slike o Romima, predstavljanjem [&hellip;]\" \/>\n<meta property=\"og:url\" content=\"https:\/\/kalisara-ric.ba\/index.php\/o-nama\/\" \/>\n<meta property=\"og:site_name\" content=\"Kali Sara\" \/>\n<meta property=\"article:publisher\" content=\"https:\/\/www.facebook.com\/KaliSaraRic\" \/>\n<meta property=\"article:modified_time\" content=\"2025-12-16T09:35:38+00:00\" \/>\n<meta name=\"twitter:card\" content=\"summary_large_image\" \/>\n<meta name=\"twitter:label1\" content=\"Est. reading time\" \/>\n\t<meta name=\"twitter:data1\" content=\"3 minute\" \/>\n<script type=\"application\/ld+json\" class=\"yoast-schema-graph\">{\"@context\":\"https:\\\/\\\/schema.org\",\"@graph\":[{\"@type\":\"WebPage\",\"@id\":\"https:\\\/\\\/kalisara-ric.ba\\\/index.php\\\/o-nama\\\/\",\"url\":\"https:\\\/\\\/kalisara-ric.ba\\\/index.php\\\/o-nama\\\/\",\"name\":\"O nama - Kali Sara\",\"isPartOf\":{\"@id\":\"https:\\\/\\\/kalisara-ric.ba\\\/#website\"},\"datePublished\":\"2025-12-12T12:18:11+00:00\",\"dateModified\":\"2025-12-16T09:35:38+00:00\",\"breadcrumb\":{\"@id\":\"https:\\\/\\\/kalisara-ric.ba\\\/index.php\\\/o-nama\\\/#breadcrumb\"},\"inLanguage\":\"bs-BA\",\"potentialAction\":[{\"@type\":\"ReadAction\",\"target\":[\"https:\\\/\\\/kalisara-ric.ba\\\/index.php\\\/o-nama\\\/\"]}]},{\"@type\":\"BreadcrumbList\",\"@id\":\"https:\\\/\\\/kalisara-ric.ba\\\/index.php\\\/o-nama\\\/#breadcrumb\",\"itemListElement\":[{\"@type\":\"ListItem\",\"position\":1,\"name\":\"Home\",\"item\":\"https:\\\/\\\/kalisara-ric.ba\\\/\"},{\"@type\":\"ListItem\",\"position\":2,\"name\":\"O nama\"}]},{\"@type\":\"WebSite\",\"@id\":\"https:\\\/\\\/kalisara-ric.ba\\\/#website\",\"url\":\"https:\\\/\\\/kalisara-ric.ba\\\/\",\"name\":\"Kali Sara\",\"description\":\"Romski informativni centar (RIC) \u201eKali Sara\u201c\",\"publisher\":{\"@id\":\"https:\\\/\\\/kalisara-ric.ba\\\/#organization\"},\"potentialAction\":[{\"@type\":\"SearchAction\",\"target\":{\"@type\":\"EntryPoint\",\"urlTemplate\":\"https:\\\/\\\/kalisara-ric.ba\\\/?s={search_term_string}\"},\"query-input\":{\"@type\":\"PropertyValueSpecification\",\"valueRequired\":true,\"valueName\":\"search_term_string\"}}],\"inLanguage\":\"bs-BA\"},{\"@type\":\"Organization\",\"@id\":\"https:\\\/\\\/kalisara-ric.ba\\\/#organization\",\"name\":\"Kali Sara\",\"url\":\"https:\\\/\\\/kalisara-ric.ba\\\/\",\"logo\":{\"@type\":\"ImageObject\",\"inLanguage\":\"bs-BA\",\"@id\":\"https:\\\/\\\/kalisara-ric.ba\\\/#\\\/schema\\\/logo\\\/image\\\/\",\"url\":\"https:\\\/\\\/kalisara-ric.ba\\\/wp-content\\\/uploads\\\/2025\\\/12\\\/Call-for-Experts-to-Join-the-Working-Group-on-Antigypsyism-in-EU-funded-project-Kali-Sara.jpg\",\"contentUrl\":\"https:\\\/\\\/kalisara-ric.ba\\\/wp-content\\\/uploads\\\/2025\\\/12\\\/Call-for-Experts-to-Join-the-Working-Group-on-Antigypsyism-in-EU-funded-project-Kali-Sara.jpg\",\"width\":854,\"height\":306,\"caption\":\"Kali Sara\"},\"image\":{\"@id\":\"https:\\\/\\\/kalisara-ric.ba\\\/#\\\/schema\\\/logo\\\/image\\\/\"},\"sameAs\":[\"https:\\\/\\\/www.facebook.com\\\/KaliSaraRic\"]}]}<\/script>\n<!-- \/ Yoast SEO plugin. -->","yoast_head_json":{"title":"O nama - Kali Sara","robots":{"index":"index","follow":"follow","max-snippet":"max-snippet:-1","max-image-preview":"max-image-preview:large","max-video-preview":"max-video-preview:-1"},"canonical":"https:\/\/kalisara-ric.ba\/index.php\/o-nama\/","og_locale":"bs_BA","og_type":"article","og_title":"O nama - Kali Sara","og_description":"Kali Sara \u2013 Romski Informativni Centar (ric) Romski informativni centar (RIC) uspostavljen je 2007. godine kroz projekt \u201ePodr\u0161ka romskoj nacionalnoj manjini u BiH u efektivnom zagovaranju i izvje\u0161tavanju\u201c. Projekt su finansijski podr\u017eali ameri\u010dki State Department i World Vision Inc. Osnovni cilj formiranja RIC-a je borba protiv diskriminacije Roma stvaranjem pozitivne medijske slike o Romima, predstavljanjem [&hellip;]","og_url":"https:\/\/kalisara-ric.ba\/index.php\/o-nama\/","og_site_name":"Kali Sara","article_publisher":"https:\/\/www.facebook.com\/KaliSaraRic","article_modified_time":"2025-12-16T09:35:38+00:00","twitter_card":"summary_large_image","twitter_misc":{"Est. reading time":"3 minute"},"schema":{"@context":"https:\/\/schema.org","@graph":[{"@type":"WebPage","@id":"https:\/\/kalisara-ric.ba\/index.php\/o-nama\/","url":"https:\/\/kalisara-ric.ba\/index.php\/o-nama\/","name":"O nama - Kali Sara","isPartOf":{"@id":"https:\/\/kalisara-ric.ba\/#website"},"datePublished":"2025-12-12T12:18:11+00:00","dateModified":"2025-12-16T09:35:38+00:00","breadcrumb":{"@id":"https:\/\/kalisara-ric.ba\/index.php\/o-nama\/#breadcrumb"},"inLanguage":"bs-BA","potentialAction":[{"@type":"ReadAction","target":["https:\/\/kalisara-ric.ba\/index.php\/o-nama\/"]}]},{"@type":"BreadcrumbList","@id":"https:\/\/kalisara-ric.ba\/index.php\/o-nama\/#breadcrumb","itemListElement":[{"@type":"ListItem","position":1,"name":"Home","item":"https:\/\/kalisara-ric.ba\/"},{"@type":"ListItem","position":2,"name":"O nama"}]},{"@type":"WebSite","@id":"https:\/\/kalisara-ric.ba\/#website","url":"https:\/\/kalisara-ric.ba\/","name":"Kali Sara","description":"Romski informativni centar (RIC) \u201eKali Sara\u201c","publisher":{"@id":"https:\/\/kalisara-ric.ba\/#organization"},"potentialAction":[{"@type":"SearchAction","target":{"@type":"EntryPoint","urlTemplate":"https:\/\/kalisara-ric.ba\/?s={search_term_string}"},"query-input":{"@type":"PropertyValueSpecification","valueRequired":true,"valueName":"search_term_string"}}],"inLanguage":"bs-BA"},{"@type":"Organization","@id":"https:\/\/kalisara-ric.ba\/#organization","name":"Kali Sara","url":"https:\/\/kalisara-ric.ba\/","logo":{"@type":"ImageObject","inLanguage":"bs-BA","@id":"https:\/\/kalisara-ric.ba\/#\/schema\/logo\/image\/","url":"https:\/\/kalisara-ric.ba\/wp-content\/uploads\/2025\/12\/Call-for-Experts-to-Join-the-Working-Group-on-Antigypsyism-in-EU-funded-project-Kali-Sara.jpg","contentUrl":"https:\/\/kalisara-ric.ba\/wp-content\/uploads\/2025\/12\/Call-for-Experts-to-Join-the-Working-Group-on-Antigypsyism-in-EU-funded-project-Kali-Sara.jpg","width":854,"height":306,"caption":"Kali Sara"},"image":{"@id":"https:\/\/kalisara-ric.ba\/#\/schema\/logo\/image\/"},"sameAs":["https:\/\/www.facebook.com\/KaliSaraRic"]}]}},"uagb_featured_image_src":{"full":false,"thumbnail":false,"medium":false,"medium_large":false,"large":false,"1536x1536":false,"2048x2048":false,"wesper_large":false,"wesper_medium":false,"wesper_small":false,"wesper_layouts":false,"wesper_list":false,"wesper_large_sload":false,"wesper_medium_sload":false,"wesper_small_sload":false,"wesper_layouts_sload":false,"wesper_list_sload":false},"uagb_author_info":{"display_name":"admin","author_link":"https:\/\/kalisara-ric.ba\/index.php\/author\/kalisara\/"},"uagb_comment_info":0,"uagb_excerpt":"Kali Sara \u2013 Romski Informativni Centar (ric) Romski informativni centar (RIC) uspostavljen je 2007. godine kroz projekt \u201ePodr\u0161ka romskoj nacionalnoj manjini u BiH u efektivnom zagovaranju i izvje\u0161tavanju\u201c. Projekt su finansijski podr\u017eali ameri\u010dki State Department i World Vision Inc. Osnovni cilj formiranja RIC-a je borba protiv diskriminacije Roma stvaranjem pozitivne medijske slike o Romima, predstavljanjem&hellip;","_links":{"self":[{"href":"https:\/\/kalisara-ric.ba\/index.php\/wp-json\/wp\/v2\/pages\/2","targetHints":{"allow":["GET"]}}],"collection":[{"href":"https:\/\/kalisara-ric.ba\/index.php\/wp-json\/wp\/v2\/pages"}],"about":[{"href":"https:\/\/kalisara-ric.ba\/index.php\/wp-json\/wp\/v2\/types\/page"}],"author":[{"embeddable":true,"href":"https:\/\/kalisara-ric.ba\/index.php\/wp-json\/wp\/v2\/users\/1"}],"replies":[{"embeddable":true,"href":"https:\/\/kalisara-ric.ba\/index.php\/wp-json\/wp\/v2\/comments?post=2"}],"version-history":[{"count":0,"href":"https:\/\/kalisara-ric.ba\/index.php\/wp-json\/wp\/v2\/pages\/2\/revisions"}],"wp:attachment":[{"href":"https:\/\/kalisara-ric.ba\/index.php\/wp-json\/wp\/v2\/media?parent=2"}],"curies":[{"name":"wp","href":"https:\/\/api.w.org\/{rel}","templated":true}]}}