{"id":54,"date":"2025-12-12T13:19:53","date_gmt":"2025-12-12T13:19:53","guid":{"rendered":"https:\/\/kalisara-ric.ba\/?page_id=54"},"modified":"2026-02-17T13:02:31","modified_gmt":"2026-02-17T11:02:31","slug":"partneri","status":"publish","type":"page","link":"https:\/\/kalisara-ric.ba\/index.php\/partneri\/","title":{"rendered":"Partnerstva"},"content":{"rendered":"\n<p>Kali Sara \u2013 Romski informativni centar djeluje kroz \u0161iroku mre\u017eu partnerstava na me\u0111unarodnom, regionalnom, dr\u017eavnom i lokalnom nivou, jer se unapre\u0111enje polo\u017eaja Roma mo\u017ee ostvariti samo kroz saradnju institucija i zajednice.<\/p>\n\n\n\n<p>Na me\u0111unarodnom nivou organizacija sara\u0111uje sa agencijama Ujedinjenih nacija, posebno UNICEF-om, Evropskom unijom i me\u0111unarodnim fondacijama, te je \u010dlanica organizacije ISSA \u2013 International Step by Step Association. Kao nosilac mre\u017ee REYN BiH (Roma Early Years Network Bosnia and Herzegovina) povezana je i sa evropskom REYN mre\u017eom i stru\u010dnjacima za rani razvoj djece.<\/p>\n\n\n\n<p>Na regionalnom nivou Kali Sara provodi zajedni\u010dke projekte sa romskim organizacijama iz zemalja Zapadnog Balkana, uklju\u010duju\u0107i Romalitico iz Sjeverne Makedonije, YUROM Center iz Srbije, Romaversitas sa Kosova, InSOC iz Sjeverne Makedonije i IRCA iz Albanije, s ciljem razvoja zajedni\u010dkih politika socijalne inkluzije i borbe protiv diskriminacije.<\/p>\n\n\n\n<p>Na dr\u017eavnom nivou organizacija sara\u0111uje sa institucijama Bosne i Hercegovine, posebno Ministarstvom za ljudska prava i izbjeglice BiH, entitetskim i kantonalnim ministarstvima obrazovanja, zdravstva i socijalne za\u0161tite, zavodima za zapo\u0161ljavanje, institutima za javno zdravstvo, centrima za socijalni rad i drugim mehanizmima za\u0161tite uklju\u010denim u provedbu akcionih planova za Rome.<\/p>\n\n\n\n<p>U oblasti kulture sje\u0107anja i istra\u017eivanja ostvarena je saradnja sa arhivskim i kulturnim institucijama, uklju\u010duju\u0107i Arhiv Bosne i Hercegovine, Historijski muzej BiH, Nacionalnu i univerzitetsku biblioteku BiH, Sarajevski historijski arhiv, Bo\u0161nja\u010dki institut i memorijalne centre.<\/p>\n\n\n\n<p>Na lokalnom nivou Kali Sara kontinuirano sara\u0111uje sa romskim organizacijama i udru\u017eenjima, \u017eenskim i omladinskim grupama, \u0161kolama, zdravstvenim ustanovama, lokalnim vlastima, medijatorima i organizacijama civilnog dru\u0161tva, \u010dime se omogu\u0107ava direktan rad u zajednici i povezivanje gra\u0111ana sa sistemom podr\u0161ke.<\/p>\n\n\n\n<p>Kroz ovakav model partnerstva organizacija djeluje kao most izme\u0111u romske zajednice i institucija, osiguravaju\u0107i da potrebe Roma budu prepoznate u javnim politikama i praksama.<\/p>\n","protected":false},"excerpt":{"rendered":"<p>Kali Sara \u2013 Romski informativni centar djeluje kroz \u0161iroku mre\u017eu partnerstava na me\u0111unarodnom, regionalnom, dr\u017eavnom i lokalnom nivou, jer se unapre\u0111enje polo\u017eaja Roma mo\u017ee ostvariti samo kroz saradnju institucija i zajednice. Na me\u0111unarodnom nivou organizacija sara\u0111uje sa agencijama Ujedinjenih nacija, posebno UNICEF-om, Evropskom unijom i me\u0111unarodnim fondacijama, te je \u010dlanica organizacije ISSA \u2013 International Step [&hellip;]<\/p>\n","protected":false},"author":1,"featured_media":0,"parent":0,"menu_order":0,"comment_status":"closed","ping_status":"closed","template":"","meta":{"_acf_changed":false,"_uag_custom_page_level_css":"","footnotes":""},"class_list":["post-54","page","type-page","status-publish","hentry"],"acf":[],"yoast_head":"<!-- This site is optimized with the Yoast SEO plugin v27.3 - https:\/\/yoast.com\/product\/yoast-seo-wordpress\/ -->\n<title>Partnerstva - Kali Sara<\/title>\n<meta name=\"robots\" content=\"index, follow, max-snippet:-1, max-image-preview:large, max-video-preview:-1\" \/>\n<link rel=\"canonical\" href=\"https:\/\/kalisara-ric.ba\/index.php\/partneri\/\" \/>\n<meta property=\"og:locale\" content=\"bs_BA\" \/>\n<meta property=\"og:type\" content=\"article\" \/>\n<meta property=\"og:title\" content=\"Partnerstva - Kali Sara\" \/>\n<meta property=\"og:description\" content=\"Kali Sara \u2013 Romski informativni centar djeluje kroz \u0161iroku mre\u017eu partnerstava na me\u0111unarodnom, regionalnom, dr\u017eavnom i lokalnom nivou, jer se unapre\u0111enje polo\u017eaja Roma mo\u017ee ostvariti samo kroz saradnju institucija i zajednice. Na me\u0111unarodnom nivou organizacija sara\u0111uje sa agencijama Ujedinjenih nacija, posebno UNICEF-om, Evropskom unijom i me\u0111unarodnim fondacijama, te je \u010dlanica organizacije ISSA \u2013 International Step [&hellip;]\" \/>\n<meta property=\"og:url\" content=\"https:\/\/kalisara-ric.ba\/index.php\/partneri\/\" \/>\n<meta property=\"og:site_name\" content=\"Kali Sara\" \/>\n<meta property=\"article:publisher\" content=\"https:\/\/www.facebook.com\/KaliSaraRic\" \/>\n<meta property=\"article:modified_time\" content=\"2026-02-17T11:02:31+00:00\" \/>\n<meta name=\"twitter:card\" content=\"summary_large_image\" \/>\n<meta name=\"twitter:label1\" content=\"Est. reading time\" \/>\n\t<meta name=\"twitter:data1\" content=\"2 minute\" \/>\n<script type=\"application\/ld+json\" class=\"yoast-schema-graph\">{\"@context\":\"https:\\\/\\\/schema.org\",\"@graph\":[{\"@type\":\"WebPage\",\"@id\":\"https:\\\/\\\/kalisara-ric.ba\\\/index.php\\\/partneri\\\/\",\"url\":\"https:\\\/\\\/kalisara-ric.ba\\\/index.php\\\/partneri\\\/\",\"name\":\"Partnerstva - Kali Sara\",\"isPartOf\":{\"@id\":\"https:\\\/\\\/kalisara-ric.ba\\\/#website\"},\"datePublished\":\"2025-12-12T13:19:53+00:00\",\"dateModified\":\"2026-02-17T11:02:31+00:00\",\"breadcrumb\":{\"@id\":\"https:\\\/\\\/kalisara-ric.ba\\\/index.php\\\/partneri\\\/#breadcrumb\"},\"inLanguage\":\"bs-BA\",\"potentialAction\":[{\"@type\":\"ReadAction\",\"target\":[\"https:\\\/\\\/kalisara-ric.ba\\\/index.php\\\/partneri\\\/\"]}]},{\"@type\":\"BreadcrumbList\",\"@id\":\"https:\\\/\\\/kalisara-ric.ba\\\/index.php\\\/partneri\\\/#breadcrumb\",\"itemListElement\":[{\"@type\":\"ListItem\",\"position\":1,\"name\":\"Home\",\"item\":\"https:\\\/\\\/kalisara-ric.ba\\\/\"},{\"@type\":\"ListItem\",\"position\":2,\"name\":\"Partnerstva\"}]},{\"@type\":\"WebSite\",\"@id\":\"https:\\\/\\\/kalisara-ric.ba\\\/#website\",\"url\":\"https:\\\/\\\/kalisara-ric.ba\\\/\",\"name\":\"Kali Sara\",\"description\":\"Romski informativni centar (RIC) \u201eKali Sara\u201c\",\"publisher\":{\"@id\":\"https:\\\/\\\/kalisara-ric.ba\\\/#organization\"},\"potentialAction\":[{\"@type\":\"SearchAction\",\"target\":{\"@type\":\"EntryPoint\",\"urlTemplate\":\"https:\\\/\\\/kalisara-ric.ba\\\/?s={search_term_string}\"},\"query-input\":{\"@type\":\"PropertyValueSpecification\",\"valueRequired\":true,\"valueName\":\"search_term_string\"}}],\"inLanguage\":\"bs-BA\"},{\"@type\":\"Organization\",\"@id\":\"https:\\\/\\\/kalisara-ric.ba\\\/#organization\",\"name\":\"Kali Sara\",\"url\":\"https:\\\/\\\/kalisara-ric.ba\\\/\",\"logo\":{\"@type\":\"ImageObject\",\"inLanguage\":\"bs-BA\",\"@id\":\"https:\\\/\\\/kalisara-ric.ba\\\/#\\\/schema\\\/logo\\\/image\\\/\",\"url\":\"https:\\\/\\\/kalisara-ric.ba\\\/wp-content\\\/uploads\\\/2025\\\/12\\\/Call-for-Experts-to-Join-the-Working-Group-on-Antigypsyism-in-EU-funded-project-Kali-Sara.jpg\",\"contentUrl\":\"https:\\\/\\\/kalisara-ric.ba\\\/wp-content\\\/uploads\\\/2025\\\/12\\\/Call-for-Experts-to-Join-the-Working-Group-on-Antigypsyism-in-EU-funded-project-Kali-Sara.jpg\",\"width\":854,\"height\":306,\"caption\":\"Kali Sara\"},\"image\":{\"@id\":\"https:\\\/\\\/kalisara-ric.ba\\\/#\\\/schema\\\/logo\\\/image\\\/\"},\"sameAs\":[\"https:\\\/\\\/www.facebook.com\\\/KaliSaraRic\"]}]}<\/script>\n<!-- \/ Yoast SEO plugin. -->","yoast_head_json":{"title":"Partnerstva - Kali Sara","robots":{"index":"index","follow":"follow","max-snippet":"max-snippet:-1","max-image-preview":"max-image-preview:large","max-video-preview":"max-video-preview:-1"},"canonical":"https:\/\/kalisara-ric.ba\/index.php\/partneri\/","og_locale":"bs_BA","og_type":"article","og_title":"Partnerstva - Kali Sara","og_description":"Kali Sara \u2013 Romski informativni centar djeluje kroz \u0161iroku mre\u017eu partnerstava na me\u0111unarodnom, regionalnom, dr\u017eavnom i lokalnom nivou, jer se unapre\u0111enje polo\u017eaja Roma mo\u017ee ostvariti samo kroz saradnju institucija i zajednice. Na me\u0111unarodnom nivou organizacija sara\u0111uje sa agencijama Ujedinjenih nacija, posebno UNICEF-om, Evropskom unijom i me\u0111unarodnim fondacijama, te je \u010dlanica organizacije ISSA \u2013 International Step [&hellip;]","og_url":"https:\/\/kalisara-ric.ba\/index.php\/partneri\/","og_site_name":"Kali Sara","article_publisher":"https:\/\/www.facebook.com\/KaliSaraRic","article_modified_time":"2026-02-17T11:02:31+00:00","twitter_card":"summary_large_image","twitter_misc":{"Est. reading time":"2 minute"},"schema":{"@context":"https:\/\/schema.org","@graph":[{"@type":"WebPage","@id":"https:\/\/kalisara-ric.ba\/index.php\/partneri\/","url":"https:\/\/kalisara-ric.ba\/index.php\/partneri\/","name":"Partnerstva - Kali Sara","isPartOf":{"@id":"https:\/\/kalisara-ric.ba\/#website"},"datePublished":"2025-12-12T13:19:53+00:00","dateModified":"2026-02-17T11:02:31+00:00","breadcrumb":{"@id":"https:\/\/kalisara-ric.ba\/index.php\/partneri\/#breadcrumb"},"inLanguage":"bs-BA","potentialAction":[{"@type":"ReadAction","target":["https:\/\/kalisara-ric.ba\/index.php\/partneri\/"]}]},{"@type":"BreadcrumbList","@id":"https:\/\/kalisara-ric.ba\/index.php\/partneri\/#breadcrumb","itemListElement":[{"@type":"ListItem","position":1,"name":"Home","item":"https:\/\/kalisara-ric.ba\/"},{"@type":"ListItem","position":2,"name":"Partnerstva"}]},{"@type":"WebSite","@id":"https:\/\/kalisara-ric.ba\/#website","url":"https:\/\/kalisara-ric.ba\/","name":"Kali Sara","description":"Romski informativni centar (RIC) \u201eKali Sara\u201c","publisher":{"@id":"https:\/\/kalisara-ric.ba\/#organization"},"potentialAction":[{"@type":"SearchAction","target":{"@type":"EntryPoint","urlTemplate":"https:\/\/kalisara-ric.ba\/?s={search_term_string}"},"query-input":{"@type":"PropertyValueSpecification","valueRequired":true,"valueName":"search_term_string"}}],"inLanguage":"bs-BA"},{"@type":"Organization","@id":"https:\/\/kalisara-ric.ba\/#organization","name":"Kali Sara","url":"https:\/\/kalisara-ric.ba\/","logo":{"@type":"ImageObject","inLanguage":"bs-BA","@id":"https:\/\/kalisara-ric.ba\/#\/schema\/logo\/image\/","url":"https:\/\/kalisara-ric.ba\/wp-content\/uploads\/2025\/12\/Call-for-Experts-to-Join-the-Working-Group-on-Antigypsyism-in-EU-funded-project-Kali-Sara.jpg","contentUrl":"https:\/\/kalisara-ric.ba\/wp-content\/uploads\/2025\/12\/Call-for-Experts-to-Join-the-Working-Group-on-Antigypsyism-in-EU-funded-project-Kali-Sara.jpg","width":854,"height":306,"caption":"Kali Sara"},"image":{"@id":"https:\/\/kalisara-ric.ba\/#\/schema\/logo\/image\/"},"sameAs":["https:\/\/www.facebook.com\/KaliSaraRic"]}]}},"uagb_featured_image_src":{"full":false,"thumbnail":false,"medium":false,"medium_large":false,"large":false,"1536x1536":false,"2048x2048":false,"wesper_large":false,"wesper_medium":false,"wesper_small":false,"wesper_layouts":false,"wesper_list":false,"wesper_large_sload":false,"wesper_medium_sload":false,"wesper_small_sload":false,"wesper_layouts_sload":false,"wesper_list_sload":false},"uagb_author_info":{"display_name":"admin","author_link":"https:\/\/kalisara-ric.ba\/index.php\/author\/kalisara\/"},"uagb_comment_info":0,"uagb_excerpt":"Kali Sara \u2013 Romski informativni centar djeluje kroz \u0161iroku mre\u017eu partnerstava na me\u0111unarodnom, regionalnom, dr\u017eavnom i lokalnom nivou, jer se unapre\u0111enje polo\u017eaja Roma mo\u017ee ostvariti samo kroz saradnju institucija i zajednice. Na me\u0111unarodnom nivou organizacija sara\u0111uje sa agencijama Ujedinjenih nacija, posebno UNICEF-om, Evropskom unijom i me\u0111unarodnim fondacijama, te je \u010dlanica organizacije ISSA \u2013 International Step&hellip;","_links":{"self":[{"href":"https:\/\/kalisara-ric.ba\/index.php\/wp-json\/wp\/v2\/pages\/54","targetHints":{"allow":["GET"]}}],"collection":[{"href":"https:\/\/kalisara-ric.ba\/index.php\/wp-json\/wp\/v2\/pages"}],"about":[{"href":"https:\/\/kalisara-ric.ba\/index.php\/wp-json\/wp\/v2\/types\/page"}],"author":[{"embeddable":true,"href":"https:\/\/kalisara-ric.ba\/index.php\/wp-json\/wp\/v2\/users\/1"}],"replies":[{"embeddable":true,"href":"https:\/\/kalisara-ric.ba\/index.php\/wp-json\/wp\/v2\/comments?post=54"}],"version-history":[{"count":2,"href":"https:\/\/kalisara-ric.ba\/index.php\/wp-json\/wp\/v2\/pages\/54\/revisions"}],"predecessor-version":[{"id":14210,"href":"https:\/\/kalisara-ric.ba\/index.php\/wp-json\/wp\/v2\/pages\/54\/revisions\/14210"}],"wp:attachment":[{"href":"https:\/\/kalisara-ric.ba\/index.php\/wp-json\/wp\/v2\/media?parent=54"}],"curies":[{"name":"wp","href":"https:\/\/api.w.org\/{rel}","templated":true}]}}